{"id":12105,"date":"2026-02-10T13:26:02","date_gmt":"2026-02-10T18:26:02","guid":{"rendered":"https:\/\/ccpm.ca\/?page_id=12105"},"modified":"2026-03-10T16:13:53","modified_gmt":"2026-03-10T20:13:53","slug":"opportunites-de-benevolat","status":"publish","type":"page","link":"https:\/\/ccpm.ca\/fr\/opportunites-de-benevolat\/","title":{"rendered":"Opportunit\u00e9s de b\u00e9n\u00e9volat"},"content":{"rendered":"","protected":false},"excerpt":{"rendered":"","protected":false},"author":1,"featured_media":0,"parent":0,"menu_order":0,"comment_status":"closed","ping_status":"closed","template":"","meta":{"_acf_changed":false,"footnotes":""},"class_list":["post-12105","page","type-page","status-publish","hentry"],"acf":{"content":[{"acf_fc_layout":"header","title":"<h1>Opportunit\u00e9s de b\u00e9n\u00e9volat<\/h1>\n","add_important_dates_block":false,"important_dates":false,"background_image":false},{"acf_fc_layout":"one_col","content":"<p>Les b\u00e9n\u00e9voles qui si\u00e8gent au conseil d&rsquo;administration du CCPM et soutiennent d&rsquo;autres activit\u00e9s sont essentiels \u00e0 notre succ\u00e8s ! Les opportunit\u00e9s actuelles sont disponibles sur cette page.<\/p>\n","id":"","column_width":"full","customized_column_width":100,"background_type":"none","background_image":false,"background_color":"","padding":{"top":"none","bottom":"none","left":"none","right":"none"}},{"acf_fc_layout":"one_col","content":"<h3>Nominations au conseil d&rsquo;administration de CCPM<\/h3>\n<p>Chaque ann\u00e9e, la commission des prix et distinctions de CCPM est charg\u00e9e de pr\u00e9senter aux membres une liste de candidats pour les postes vacants au sein du conseil d&rsquo;administration de CCPM.<\/p>\n<p>CCPM accepte actuellement les candidatures en vue de pourvoir un (1) postes vacants au sein du conseil d&rsquo;administration. Des informations sur les postes vacants sont disponibles ci-dessous ou dans le dossier de candidature.<\/p>\n","id":"","column_width":"full","customized_column_width":100,"background_type":"none","background_image":false,"background_color":"","padding":{"top":"none","bottom":"none","left":"none","right":"none"}},{"acf_fc_layout":"one_col","content":"<h3>POSTES VACANTS ACTUELS<\/h3>\n<p>Vous trouverez ci-dessous des informations sur les postes actuellement vacants.<\/p>\n","id":"","column_width":"full","customized_column_width":100,"background_type":"none","background_image":false,"background_color":"","padding":{"top":"none","bottom":"none","left":"none","right":"none"}},{"acf_fc_layout":"one_col","content":"<h3>Directeur g\u00e9n\u00e9ral &#8211; Pour devenir le registraire<\/h3>\n<p>La dur\u00e9e du mandat pour ce poste est de deux ans, renouvelable pour une p\u00e9riode suppl\u00e9mentaire de trois ans comme le devenir le registraire.<\/p>\n<p>Le poste de le registraire suit une rotation structur\u00e9e. Dans un premier temps, la personne occupe le poste de directeur g\u00e9n\u00e9ral, afin de se familiariser avec le r\u00f4le. Ensuite, il\/elle occupe le poste de le registraire, apr\u00e8s quoi il\/elle reprend le poste de directeur g\u00e9n\u00e9ral pendant un an afin d&rsquo;encadrer le nouveau directeur g\u00e9n\u00e9ral dans sa pr\u00e9paration au poste de le registraire.<\/p>\n<p>Le registraire g\u00e8re les activit\u00e9s de certification du Coll\u00e8ge. Plus pr\u00e9cis\u00e9ment, il est charg\u00e9 des t\u00e2ches suivantes :<\/p>\n<ol>\n<li>Produire un registre annuel des membres et des fellows du Coll\u00e8ge ainsi qu&rsquo;un registre des physiciens certifi\u00e9s en mammographie.<\/li>\n<li>Pr\u00e9parer et distribuer les informations relatives au processus de demande d&rsquo;adh\u00e9sion, de fellowship, de recertification et de r\u00e9compenses.<\/li>\n<li>Traiter les demandes d&rsquo;adh\u00e9sion, de fellowship, de recertification et de r\u00e9compenses.<\/li>\n<li>Collaborer avec le bureau du CCPM pour tenir \u00e0 jour la base de donn\u00e9es du CCPM, qui comprendra la ou les dates d&rsquo;\u00e9lection \u00e0 l&rsquo;adh\u00e9sion, au statut de membre associ\u00e9 et \u00e0 la mammographie, le statut de recertification et le statut de paiement des cotisations annuelles.<\/li>\n<li>Coordonner le processus de recertification.<\/li>\n<\/ol>\n","id":"","column_width":"full","customized_column_width":100,"background_type":"none","background_image":false,"background_color":"","padding":{"top":"none","bottom":"none","left":"none","right":"none"}},{"acf_fc_layout":"one_col","content":"<p>Les membres du CCPM qui sont membres du Coll\u00e8ge depuis au moins 7 ans et qui sont en r\u00e8gle peuvent \u00eatre nomm\u00e9s.<\/p>\n<p><strong>Le 13 mars 2026, \u00e0 17 heures (heure de l\u2019Est),<\/strong> est la date limite pour soumettre une demande <strong><em>compl\u00e8te<\/em><\/strong>, comme indiqu\u00e9 ci-dessous.<\/p>\n<p>Les demandes sont consid\u00e9r\u00e9es comme compl\u00e8tes lorsque les \u00e9l\u00e9ments suivants ont \u00e9t\u00e9 re\u00e7us par CCPM :<\/p>\n<ul>\n<li>Le <a href=\"https:\/\/ccpm.ca\/fr\/?page_id=12107\" target=\"_blank\" rel=\"noopener\">formulaire de candidature en ligne<\/a> qui comprend une courte biographie (il est utile d&rsquo;inclure un commentaire sur les raisons pour lesquelles vous pensez que vous \u00eates apte \u00e0 remplir la fonction pour laquelle vous \u00eates candidat) et une attestation de conflit d&rsquo;int\u00e9r\u00eats.<\/li>\n<li>Signatures d&rsquo;au moins deux membres en r\u00e8gle qui soutiennent le candidat, soumises par le biais du <a href=\"https:\/\/ccpm.ca\/fr\/confirmation-des-candidats-formulaire\/\" target=\"_blank\" rel=\"noopener\">formulaire de nomination en ligne<\/a>.<\/li>\n<\/ul>\n<p>Les demandes feront l&rsquo;objet d&rsquo;un accus\u00e9 de r\u00e9ception dans les deux (2) jours ouvrables suivant leur r\u00e9ception.<\/p>\n","id":"","column_width":"full","customized_column_width":100,"background_type":"none","background_image":false,"background_color":"","padding":{"top":"none","bottom":"none","left":"none","right":"none"}},{"acf_fc_layout":"one_col","content":"<hr \/>\n<p><strong>DATES CL\u00c9S<\/strong><\/p>\n<p><strong>Le 13 mars 2026, \u00e0 17 heures (heure de l\u2019Est),<\/strong> est la date limite pour soumettre une demande <strong><em>compl\u00e8te<\/em><\/strong>.<\/p>\n<p><strong>Mars 2026 :<\/strong> Les candidats seront contact\u00e9s pour \u00eatre inform\u00e9s s&rsquo;ils remplissent les crit\u00e8res d&rsquo;admissibilit\u00e9.<\/p>\n<p><strong>Mars 2026 :<\/strong> S&rsquo;il y a plus de candidats qualifi\u00e9s que de places disponibles, les candidats seront inform\u00e9s et auront la possibilit\u00e9 de retirer leur candidature.<\/p>\n<p><strong>Avril 2026 :<\/strong> Si le nombre de candidats est sup\u00e9rieur au nombre de postes d&rsquo;administrateurs vacants, une \u00e9lection est organis\u00e9e.<\/p>\n<p><strong>Mai 2026 :<\/strong> Les candidats seront inform\u00e9s des r\u00e9sultats de l&rsquo;\u00e9lection.<\/p>\n<p><strong>Juin 2026 :<\/strong> La notification des membres \u00e9lus sera annonc\u00e9e au plus tard lors de l&rsquo;assembl\u00e9e g\u00e9n\u00e9rale annuelle.<\/p>\n","id":"","column_width":"full","customized_column_width":100,"background_type":"none","background_image":false,"background_color":"","padding":{"top":"none","bottom":"medium","left":"none","right":"none"}}]},"_links":{"self":[{"href":"https:\/\/ccpm.ca\/fr\/wp-json\/wp\/v2\/pages\/12105","targetHints":{"allow":["GET"]}}],"collection":[{"href":"https:\/\/ccpm.ca\/fr\/wp-json\/wp\/v2\/pages"}],"about":[{"href":"https:\/\/ccpm.ca\/fr\/wp-json\/wp\/v2\/types\/page"}],"author":[{"embeddable":true,"href":"https:\/\/ccpm.ca\/fr\/wp-json\/wp\/v2\/users\/1"}],"replies":[{"embeddable":true,"href":"https:\/\/ccpm.ca\/fr\/wp-json\/wp\/v2\/comments?post=12105"}],"version-history":[{"count":10,"href":"https:\/\/ccpm.ca\/fr\/wp-json\/wp\/v2\/pages\/12105\/revisions"}],"predecessor-version":[{"id":12182,"href":"https:\/\/ccpm.ca\/fr\/wp-json\/wp\/v2\/pages\/12105\/revisions\/12182"}],"wp:attachment":[{"href":"https:\/\/ccpm.ca\/fr\/wp-json\/wp\/v2\/media?parent=12105"}],"curies":[{"name":"wp","href":"https:\/\/api.w.org\/{rel}","templated":true}]}}