{"id":12124,"date":"2026-02-12T09:41:54","date_gmt":"2026-02-12T14:41:54","guid":{"rendered":"https:\/\/ccpm.ca\/?page_id=12124"},"modified":"2026-02-12T09:41:54","modified_gmt":"2026-02-12T14:41:54","slug":"confirmation-des-candidats-formulaire","status":"publish","type":"page","link":"https:\/\/ccpm.ca\/fr\/confirmation-des-candidats-formulaire\/","title":{"rendered":"Confirmation des candidats &#8211; Formulaire"},"content":{"rendered":"","protected":false},"excerpt":{"rendered":"","protected":false},"author":1,"featured_media":0,"parent":0,"menu_order":0,"comment_status":"closed","ping_status":"closed","template":"","meta":{"_acf_changed":false,"footnotes":""},"class_list":["post-12124","page","type-page","status-publish","hentry"],"acf":{"content":[{"acf_fc_layout":"one_col","content":"<p><a href=\"https:\/\/ccpm.ca\/fr\/opportunites-de-benevolat\/\" class=\"btn\">Retour aux Opportunit\u00e9s de b\u00e9n\u00e9volat<\/a><\/p>\n<div class=\"frm_forms  with_frm_style frm_style_formidable-style\" id=\"frm_form_10_container\" data-token=\"95f3b3b2691645b3c34249138c1bab28\">\n<form enctype=\"multipart\/form-data\" method=\"post\" class=\"frm-show-form  frm_pro_form \" id=\"form_nominee-confirmation\" data-token=\"95f3b3b2691645b3c34249138c1bab28\">\n<div class=\"frm_form_fields \">\n<fieldset>\n<legend class=\"frm_screen_reader\">Confirmation du candidat<\/legend>\r\n<h3 class=\"frm_form_title\">Confirmation du candidat<\/h3>\r\n<div class=\"frm_fields_container\">\n<input type=\"hidden\" name=\"frm_action\" value=\"create\" \/>\n<input type=\"hidden\" name=\"form_id\" value=\"10\" \/>\n<input type=\"hidden\" name=\"frm_hide_fields_10\" id=\"frm_hide_fields_10\" value=\"\" \/>\n<input type=\"hidden\" name=\"form_key\" value=\"nominee-confirmation\" \/>\n<input type=\"hidden\" name=\"item_meta[0]\" value=\"\" \/>\n<input type=\"hidden\" id=\"frm_submit_entry_10\" name=\"frm_submit_entry_10\" value=\"6d3c4751ee\" \/><input type=\"hidden\" name=\"_wp_http_referer\" value=\"\/fr\/wp-json\/wp\/v2\/pages\/12124\" \/><div id=\"frm_field_145_container\" class=\"frm_form_field form-field  frm_required_field frm_top_container frm12 frm_first\">\r\n\t<label for=\"field_l08m\" id=\"field_l08m_label\" class=\"frm_primary_label\">Nom du nominateur\r\n\t\t<span class=\"frm_required\" aria-hidden=\"true\">*<\/span>\r\n\t<\/label>\r\n\t<input  type=\"text\" id=\"field_l08m\" name=\"item_meta[145]\" value=\"\"  data-reqmsg=\"Nom du nominateur ne peut pas \u00eatre vide.\" aria-required=\"true\" data-invmsg=\"Nom du nominateur est invalide\" aria-invalid=\"false\"   \/>\r\n\t\r\n\t\r\n<\/div>\n<div id=\"frm_field_146_container\" class=\"frm_form_field form-field  frm_required_field frm_top_container frm12 frm_first\">\r\n\t<label for=\"field_lyon2\" id=\"field_lyon2_label\" class=\"frm_primary_label\">Courriel du nominateur\r\n\t\t<span class=\"frm_required\" aria-hidden=\"true\">*<\/span>\r\n\t<\/label>\r\n\t<input type=\"email\" id=\"field_lyon2\" name=\"item_meta[146]\" value=\"\"  autocomplete=\"email\"  data-reqmsg=\"Courriel du nominateur ne peut pas \u00eatre vide.\" aria-required=\"true\" data-invmsg=\"Courriel du nominateur est invalide\" aria-invalid=\"false\"  \/>\r\n\t\r\n\t\r\n<\/div>\n<div id=\"frm_field_147_container\" class=\"frm_form_field form-field  frm_required_field frm_top_container frm12 frm_first\">\r\n\t<label for=\"field_7ubrx\" id=\"field_7ubrx_label\" class=\"frm_primary_label\">Nom du candidat au conseil d'administration\r\n\t\t<span class=\"frm_required\" aria-hidden=\"true\">*<\/span>\r\n\t<\/label>\r\n\t<input  type=\"text\" id=\"field_7ubrx\" name=\"item_meta[147]\" value=\"\"  data-reqmsg=\"Nom du candidat au conseil d&#039;administration cannot be blank.\" aria-required=\"true\" data-invmsg=\"Nom du candidat au conseil d&#039;administration est invalide\" aria-invalid=\"false\"   \/>\r\n\t\r\n\t\r\n<\/div>\n<div id=\"frm_field_148_container\" class=\"frm_form_field form-field  frm_required_field frm_none_container vertical_radio\">\r\n\t<div  id=\"field_p7qyf_label\" class=\"frm_primary_label\">Validation\r\n\t\t<span class=\"frm_required\" aria-hidden=\"true\">*<\/span>\r\n\t<\/div>\r\n\t<div class=\"frm_opt_container\" aria-labelledby=\"field_p7qyf_label\" role=\"group\">\t\t<div class=\"frm_checkbox\" id=\"frm_checkbox_148-0\">\t\t\t<label  for=\"field_p7qyf-0\">\n\t\t\t<input type=\"checkbox\" name=\"item_meta[148][]\" id=\"field_p7qyf-0\" value=\"BEING A MEMBER IN GOOD STANDING OF THE CANADIAN COLLEGE OF PHYSICISTS IN MEDICINE (CCPM), I HEREBY NOMINATE THE APPLICANT STATED ABOVE, TO STAND FOR ELECTION AS A MEMBER OF THE COMP BOARD OF DIRECTORS.\"  data-reqmsg=\"Validation cannot be blank.\" data-invmsg=\"Validation est invalide\"   aria-required=\"true\"  \/> EN TANT QUE MEMBRE EN R\u00c8GLE DU COLL\u00c8GE CANADIEN DES PHYSICIENS EN M\u00c9DECINE (CCPM), JE NOMINE PAR LA PR\u00c9SENTE LE CANDIDAT MENTIONN\u00c9 CI-DESSUS POUR SE PR\u00c9SENTER \u00c0 L'\u00c9LECTION EN TANT QUE MEMBRE DU CONSEIL D'ADMINISTRATION DU CCPM.<\/label><\/div>\n<\/div>\r\n\t\r\n\t\r\n<\/div>\n<div id=\"frm_field_144_container\" class=\"frm_form_field form-field \">\r\n\t<div class=\"frm_submit frm_flex\">\r\n<button class=\"frm_button_submit frm_final_submit\" type=\"submit\"   formnovalidate=\"formnovalidate\">Soumettre<\/button>\r\n\r\n\r\n\r\n<\/div>\r\n<\/div>\n\t<input type=\"hidden\" name=\"item_key\" value=\"\" \/>\n\t\t\t<div id=\"frm_field_184_container\">\n\t\t\t<label for=\"field_n9u54\" >\n\t\t\t\tSi vous \u00eates un humain, ne remplissez pas ce champ.\t\t\t<\/label>\n\t\t\t<input  id=\"field_n9u54\" type=\"text\" class=\"frm_form_field form-field frm_verify\" name=\"item_meta[184]\" value=\"\"  \/>\n\t\t<\/div>\n\t\t<input name=\"frm_state\" type=\"hidden\" value=\"4R9bRJG1bFKV9qvVrVF0oay9LeRFaDtN+wXKO880Ql0EvUDQtLYPfVzrS+W5w3kJ\" \/><\/div>\n<\/fieldset>\n<\/div>\n\n<\/form>\n<\/div>\n\n","id":"","column_width":"full","customized_column_width":100,"background_type":"none","background_image":false,"background_color":"","padding":{"top":"standard","bottom":"standard","left":"none","right":"none"}}]},"_links":{"self":[{"href":"https:\/\/ccpm.ca\/fr\/wp-json\/wp\/v2\/pages\/12124","targetHints":{"allow":["GET"]}}],"collection":[{"href":"https:\/\/ccpm.ca\/fr\/wp-json\/wp\/v2\/pages"}],"about":[{"href":"https:\/\/ccpm.ca\/fr\/wp-json\/wp\/v2\/types\/page"}],"author":[{"embeddable":true,"href":"https:\/\/ccpm.ca\/fr\/wp-json\/wp\/v2\/users\/1"}],"replies":[{"embeddable":true,"href":"https:\/\/ccpm.ca\/fr\/wp-json\/wp\/v2\/comments?post=12124"}],"version-history":[{"count":1,"href":"https:\/\/ccpm.ca\/fr\/wp-json\/wp\/v2\/pages\/12124\/revisions"}],"predecessor-version":[{"id":12127,"href":"https:\/\/ccpm.ca\/fr\/wp-json\/wp\/v2\/pages\/12124\/revisions\/12127"}],"wp:attachment":[{"href":"https:\/\/ccpm.ca\/fr\/wp-json\/wp\/v2\/media?parent=12124"}],"curies":[{"name":"wp","href":"https:\/\/api.w.org\/{rel}","templated":true}]}}