{"id":12149,"date":"2026-02-18T14:46:33","date_gmt":"2026-02-18T19:46:33","guid":{"rendered":"https:\/\/ccpm.ca\/?page_id=12149"},"modified":"2026-02-18T14:48:17","modified_gmt":"2026-02-18T19:48:17","slug":"harold-e-johns-travel-award","status":"publish","type":"page","link":"https:\/\/ccpm.ca\/fr\/harold-e-johns-travel-award\/","title":{"rendered":"Prix Harold E. Johns"},"content":{"rendered":"","protected":false},"excerpt":{"rendered":"","protected":false},"author":625,"featured_media":0,"parent":0,"menu_order":0,"comment_status":"closed","ping_status":"closed","template":"","meta":{"_acf_changed":false,"footnotes":""},"class_list":["post-12149","page","type-page","status-publish","hentry"],"acf":{"content":[{"acf_fc_layout":"header","title":"<div class=\"frm_forms  with_frm_style frm_style_formidable-style\" id=\"frm_form_11_container\" data-token=\"439a3ff63d52aeb2ca8342bb76c35442\">\n<form enctype=\"multipart\/form-data\" method=\"post\" class=\"frm-show-form  frm_pro_form \" id=\"form_h-e-johns-travel-award\" data-token=\"439a3ff63d52aeb2ca8342bb76c35442\">\n<div class=\"frm_form_fields \">\n<fieldset>\n<legend class=\"frm_screen_reader\">Prix Harold E. Johns<\/legend>\r\n<h3 class=\"frm_form_title\">Prix Harold E. Johns<\/h3>\r\n<div class=\"frm_fields_container\">\n<input type=\"hidden\" name=\"frm_action\" value=\"create\" \/>\n<input type=\"hidden\" name=\"form_id\" value=\"11\" \/>\n<input type=\"hidden\" name=\"frm_hide_fields_11\" id=\"frm_hide_fields_11\" value=\"\" \/>\n<input type=\"hidden\" name=\"form_key\" value=\"h-e-johns-travel-award\" \/>\n<input type=\"hidden\" name=\"item_meta[0]\" value=\"\" \/>\n<input type=\"hidden\" id=\"frm_submit_entry_11\" name=\"frm_submit_entry_11\" value=\"5ac982d003\" \/><input type=\"hidden\" name=\"_wp_http_referer\" value=\"\/fr\/wp-json\/wp\/v2\/pages\/12149\" \/><div id=\"frm_field_179_container\" class=\"frm_form_field frm_section_heading form-field  frm12 frm_first\">\r\n<h3 class=\"frm_pos_top frm_section_spacing\">D\u00e9tails du candidat<\/h3>\r\n\r\n\r\n<div id=\"frm_field_153_container\" class=\"frm_form_field form-field  frm_required_field frm_top_container frm6 frm_first\">\r\n    <label for=\"field_x1dzdf2\" class=\"frm_primary_label\">Nom\r\n        <span class=\"frm_required\">*<\/span>\r\n    <\/label>\r\n    <input  type=\"text\" id=\"field_x1dzdf2\" name=\"item_meta[153]\" value=\"\"  data-sectionid=\"179\"  data-reqmsg=\"Nom ne peut pas \u00eatre vide.\" aria-required=\"true\" data-invmsg=\"Nom n&#039;est pas valide\" aria-invalid=\"false\"   aria-describedby=\"frm_desc_field_x1dzdf2\" \/>\r\n    <div class=\"frm_description\" id=\"frm_desc_field_x1dzdf2\">Pr\u00e9nom<\/div>\r\n    \r\n<\/div>\n<div id=\"frm_field_154_container\" class=\"frm_form_field form-field  frm_required_field frm_hidden_container frm6\">\r\n    <label for=\"field_57mz9h2\" class=\"frm_primary_label\">Nom de famille\r\n        <span class=\"frm_required\">*<\/span>\r\n    <\/label>\r\n    <input  type=\"text\" id=\"field_57mz9h2\" name=\"item_meta[154]\" value=\"\"  data-sectionid=\"179\"  data-reqmsg=\"Nom de famille ne peut pas \u00eatre vide.\" aria-required=\"true\" data-invmsg=\"Nom de famille n&#039;est pas valide\" aria-invalid=\"false\"   aria-describedby=\"frm_desc_field_57mz9h2\" \/>\r\n    <div class=\"frm_description\" id=\"frm_desc_field_57mz9h2\">Nom de famille<\/div>\r\n    \r\n<\/div>\n<div id=\"frm_field_155_container\" class=\"frm_form_field form-field  frm_required_field frm_top_container frm_full\">\r\n    <label for=\"field_7df6al2\" class=\"frm_primary_label\">courriel\r\n        <span class=\"frm_required\">*<\/span>\r\n    <\/label>\r\n    <input type=\"email\" id=\"field_7df6al2\" name=\"item_meta[155]\" value=\"\"  data-sectionid=\"179\"  data-reqmsg=\"courriel ne peut pas \u00eatre vide.\" aria-required=\"true\" data-invmsg=\"Veuillez saisir une adresse e-mail valide.\" aria-invalid=\"false\"  \/>\r\n    \r\n    \r\n<\/div>\n<\/div>\n<div id=\"frm_field_181_container\" class=\"frm_form_field frm_section_heading form-field  frm12 frm_first\">\r\n<h3 class=\"frm_pos_top frm_section_spacing\">D\u00e9tails de la demande<\/h3>\r\n\r\n\r\n<div id=\"frm_field_183_container\" class=\"frm_form_field form-field  frm_required_field frm_top_container frm6 frm_first\">\n\t<label for=\"field_qw32m\" id=\"field_qw32m_label\" class=\"frm_primary_label\">Please upload a one-page proposal indicating the course you wish to attend or the name(s) of the institutions you would visit and the reasons for your choice. \n\t\t<span class=\"frm_required\" aria-hidden=\"true\">*<\/span>\n\t<\/label>\n\t<input type=\"hidden\"  data-sectionid=\"181\"  data-reqmsg=\"Please upload a one-page proposal indicating the course you wish to attend or the name(s) of the institutions you would visit and the reasons for your choice.  cannot be blank.\" data-invmsg=\"Please upload a one-page proposal indicating the course you wish to attend or the name(s) of the institutions you would visit and the reasons for your choice.  is invalid\" aria-invalid=\"false\"   name=\"item_meta[183]\"  data-reqmsg=\"Please upload a one-page proposal indicating the course you wish to attend or the name(s) of the institutions you would visit and the reasons for your choice.  cannot be blank.\"  value=\"\" data-frmfile=\"183\" \/>\n\n<div class=\"frm_dropzone frm_single_upload frm_clearfix\" id=\"file183_dropzone\" role=\"group\" >\n\t<div class=\"fallback\">\n\t\t<input type=\"file\" name=\"file183\" id=\"field_qw32m\"\n\t\t\t data-sectionid=\"181\"  data-reqmsg=\"Please upload a one-page proposal indicating the course you wish to attend or the name(s) of the institutions you would visit and the reasons for your choice.  cannot be blank.\" data-invmsg=\"Please upload a one-page proposal indicating the course you wish to attend or the name(s) of the institutions you would visit and the reasons for your choice.  is invalid\" aria-invalid=\"false\"  \t\t\t\/>\n\t\t\t\t<div class=\"frm_clearfix \"><\/div>\n\t<\/div>\n\t<div class=\"dz-message needsclick\">\n\t\t\t\t<svg  viewBox=\"0 0 18 18\" class=\"frmsvg frm-svg-icon\">\n\t<path viewBox=\"0 0 18 18\" fill-rule=\"evenodd\" clip-rule=\"evenodd\" d=\"M8.2 4v8a.8.8 0 001.5 0V4l2.1 2.2A.7.7 0 1013 5L9.5 1.7a.7.7 0 00-1.1 0L5.1 5.2a.8.8 0 001 1l2.1-2zm7.6 4.3c.4 0 .7.3.7.7v6.8c0 .4-.3.7-.8.7H2.3a.8.8 0 01-.8-.8V9A.8.8 0 013 9v6h12V9c0-.4.3-.8.8-.8z\"><\/path>\n<\/svg>\t\t<span class=\"frm_upload_text\"><button type=\"button\" aria-label=\"Please upload a one-page proposal indicating the course you wish to attend or the name(s) of the institutions you would visit and the reasons for your choice. . Drop a file here or click to upload. Maximum file size: 1.54MB\">Drop a file here or click to upload<\/button><\/span>\n\t\t<span class=\"frm_compact_text\"><button type=\"button\" aria-label=\"Please upload a one-page proposal indicating the course you wish to attend or the name(s) of the institutions you would visit and the reasons for your choice. . Choose File. Maximum file size: 1.54MB\">Choose File<\/button><\/span>\n\t\t<div class=\"frm_small_text\">\n\t\t\t<p>Maximum file size: 1.54MB<\/p>\n\t\t<\/div>\n\t<\/div>\n<\/div>\n\t\n\t\n\t\n<\/div>\n<div id=\"frm_field_163_container\" class=\"frm_form_field form-field  frm_required_field frm_top_container frm6\">\r\n\t<label for=\"field_y7ugm\" id=\"field_y7ugm_label\" class=\"frm_primary_label\">Estimez les co\u00fbts impliqu\u00e9s. Si les d\u00e9penses propos\u00e9es d\u00e9passent la valeur de la bourse, veuillez indiquer la source des fonds suppl\u00e9mentaires n\u00e9cessaires.\r\n\t\t<span class=\"frm_required\" aria-hidden=\"true\">*<\/span>\r\n\t<\/label>\r\n\t<textarea name=\"item_meta[163]\" id=\"field_y7ugm\" rows=\"5\"  data-sectionid=\"181\"  data-reqmsg=\"Estimez les co\u00fbts impliqu\u00e9s. Si les d\u00e9penses propos\u00e9es d\u00e9passent la valeur de la bourse, veuillez indiquer la source des fonds suppl\u00e9mentaires n\u00e9cessaires. ne peut pas \u00eatre vide.\" aria-required=\"true\" data-invmsg=\"Estimez les co\u00fbts impliqu\u00e9s. Si les d\u00e9penses propos\u00e9es d\u00e9passent la valeur de la bourse, veuillez indiquer la source des fonds suppl\u00e9mentaires n\u00e9cessaires. n&#039;est pas valide\" aria-invalid=\"false\"  ><\/textarea>\r\n\t\r\n\t\r\n<\/div>\n<div id=\"frm_field_160_container\" class=\"frm_form_field form-field  frm_required_field frm_top_container frm6 frm_first\">\r\n    <label for=\"field_pjluad2\" class=\"frm_primary_label\">Please upload a letter from your present employer indicating that they are in agreement with your proposal.\r\n        <span class=\"frm_required\">*<\/span>\r\n    <\/label>\r\n    <input type=\"hidden\"  data-sectionid=\"181\"  data-reqmsg=\"Please upload a letter from your present employer indicating that they are in agreement with your proposal. ne peut pas \u00eatre vide.\" data-invmsg=\"Please upload a letter from your present employer indicating that they are in agreement with your proposal. n&#039;est pas valide\" aria-invalid=\"false\"   name=\"item_meta[160][]\"  data-reqmsg=\"Please upload a letter from your present employer indicating that they are in agreement with your proposal. ne peut pas \u00eatre vide.\"  value=\"\" data-frmfile=\"160\" \/>\n\n<div class=\"frm_dropzone frm_multi_upload frm_clearfix\" id=\"file160_dropzone\" role=\"group\" >\n\t<div class=\"fallback\">\n\t\t<input type=\"file\" name=\"file160[]\" id=\"field_pjluad2\"\n\t\t\t data-frmfile=\"160\" multiple=\"multiple\"  data-sectionid=\"181\"  data-reqmsg=\"Please upload a letter from your present employer indicating that they are in agreement with your proposal. ne peut pas \u00eatre vide.\" data-invmsg=\"Please upload a letter from your present employer indicating that they are in agreement with your proposal. n&#039;est pas valide\" aria-invalid=\"false\"  \t\t\t\/>\n\t\t\t\t<div class=\"frm_clearfix \"><\/div>\n\t<\/div>\n\t<div class=\"dz-message needsclick\">\n\t\t\t\t<svg  viewBox=\"0 0 18 18\" class=\"frmsvg frm-svg-icon\">\n\t<path viewBox=\"0 0 18 18\" fill-rule=\"evenodd\" clip-rule=\"evenodd\" d=\"M8.2 4v8a.8.8 0 001.5 0V4l2.1 2.2A.7.7 0 1013 5L9.5 1.7a.7.7 0 00-1.1 0L5.1 5.2a.8.8 0 001 1l2.1-2zm7.6 4.3c.4 0 .7.3.7.7v6.8c0 .4-.3.7-.8.7H2.3a.8.8 0 01-.8-.8V9A.8.8 0 013 9v6h12V9c0-.4.3-.8.8-.8z\"><\/path>\n<\/svg>\t\t<span class=\"frm_upload_text\"><button type=\"button\" aria-label=\"Please upload a letter from your present employer indicating that they are in agreement with your proposal.. D\u00e9posez un fichier ici ou cliquez pour le t\u00e9l\u00e9charger.. Maximum file size: 1.54MB\">D\u00e9posez un fichier ici ou cliquez pour le t\u00e9l\u00e9charger.<\/button><\/span>\n\t\t<span class=\"frm_compact_text\"><button type=\"button\" aria-label=\"Please upload a letter from your present employer indicating that they are in agreement with your proposal.. Choisissez un fichier. Maximum file size: 1.54MB\">Choisissez un fichier<\/button><\/span>\n\t\t<div class=\"frm_small_text\">\n\t\t\t<p>Maximum file size: 1.54MB<\/p>\n\t\t<\/div>\n\t<\/div>\n<\/div>\n\t\r\n    \r\n    \r\n<\/div>\n<div id=\"frm_field_165_container\" class=\"frm_form_field form-field  frm_required_field frm_top_container frm6\">\r\n\t<label for=\"field_uyva1\" id=\"field_uyva1_label\" class=\"frm_primary_label\">Veuillez t\u00e9l\u00e9charger votre curriculum vitae \u00e0 jour.\r\n\t\t<span class=\"frm_required\" aria-hidden=\"true\">*<\/span>\r\n\t<\/label>\r\n\t<input type=\"hidden\"  data-sectionid=\"181\"  data-reqmsg=\"Veuillez t\u00e9l\u00e9charger votre curriculum vitae \u00e0 jour. ne peut pas \u00eatre vide.\" data-invmsg=\"Veuillez t\u00e9l\u00e9charger votre curriculum vitae \u00e0 jour. n&#039;est pas valide\" aria-invalid=\"false\"   name=\"item_meta[165]\"  data-reqmsg=\"Veuillez t\u00e9l\u00e9charger votre curriculum vitae \u00e0 jour. ne peut pas \u00eatre vide.\"  value=\"\" data-frmfile=\"165\" \/>\n\n<div class=\"frm_dropzone frm_single_upload frm_clearfix\" id=\"file165_dropzone\" role=\"group\" >\n\t<div class=\"fallback\">\n\t\t<input type=\"file\" name=\"file165\" id=\"field_uyva1\"\n\t\t\t data-sectionid=\"181\"  data-reqmsg=\"Veuillez t\u00e9l\u00e9charger votre curriculum vitae \u00e0 jour. ne peut pas \u00eatre vide.\" data-invmsg=\"Veuillez t\u00e9l\u00e9charger votre curriculum vitae \u00e0 jour. n&#039;est pas valide\" aria-invalid=\"false\"  \t\t\t\/>\n\t\t\t\t<div class=\"frm_clearfix \"><\/div>\n\t<\/div>\n\t<div class=\"dz-message needsclick\">\n\t\t\t\t<svg  viewBox=\"0 0 18 18\" class=\"frmsvg frm-svg-icon\">\n\t<path viewBox=\"0 0 18 18\" fill-rule=\"evenodd\" clip-rule=\"evenodd\" d=\"M8.2 4v8a.8.8 0 001.5 0V4l2.1 2.2A.7.7 0 1013 5L9.5 1.7a.7.7 0 00-1.1 0L5.1 5.2a.8.8 0 001 1l2.1-2zm7.6 4.3c.4 0 .7.3.7.7v6.8c0 .4-.3.7-.8.7H2.3a.8.8 0 01-.8-.8V9A.8.8 0 013 9v6h12V9c0-.4.3-.8.8-.8z\"><\/path>\n<\/svg>\t\t<span class=\"frm_upload_text\"><button type=\"button\" aria-label=\"Veuillez t\u00e9l\u00e9charger votre curriculum vitae \u00e0 jour.. D\u00e9posez un fichier ici ou cliquez pour le t\u00e9l\u00e9charger. Maximum file size: 1.54MB\">D\u00e9posez un fichier ici ou cliquez pour le t\u00e9l\u00e9charger<\/button><\/span>\n\t\t<span class=\"frm_compact_text\"><button type=\"button\" aria-label=\"Veuillez t\u00e9l\u00e9charger votre curriculum vitae \u00e0 jour.. choisir un fichier. Maximum file size: 1.54MB\">choisir un fichier<\/button><\/span>\n\t\t<div class=\"frm_small_text\">\n\t\t\t<p>Maximum file size: 1.54MB<\/p>\n\t\t<\/div>\n\t<\/div>\n<\/div>\n\t\r\n\t\r\n\t\r\n<\/div>\n<div id=\"frm_field_164_container\" class=\"frm_form_field form-field  frm_top_container frm12 frm_first\">\r\n\t<label for=\"field_tephu\" id=\"field_tephu_label\" class=\"frm_primary_label\">Pour visiter un \u00e9tablissement, veuillez fournir une lettre de soutien de la part de celui-ci.\r\n\t\t<span class=\"frm_required\" aria-hidden=\"true\"><\/span>\r\n\t<\/label>\r\n\t<input type=\"hidden\"  data-sectionid=\"181\"  data-invmsg=\"Pour visiter un \u00e9tablissement, veuillez fournir une lettre de soutien de la part de celui-ci. n&#039;est pas valide\" aria-invalid=\"false\"   name=\"item_meta[164]\"  value=\"\" data-frmfile=\"164\" \/>\n\n<div class=\"frm_dropzone frm_single_upload frm_clearfix\" id=\"file164_dropzone\" role=\"group\" >\n\t<div class=\"fallback\">\n\t\t<input type=\"file\" name=\"file164\" id=\"field_tephu\"\n\t\t\t data-sectionid=\"181\"  data-invmsg=\"Pour visiter un \u00e9tablissement, veuillez fournir une lettre de soutien de la part de celui-ci. n&#039;est pas valide\" aria-invalid=\"false\"  \t\t\t\/>\n\t\t\t\t<div class=\"frm_clearfix \"><\/div>\n\t<\/div>\n\t<div class=\"dz-message needsclick\">\n\t\t\t\t<svg  viewBox=\"0 0 18 18\" class=\"frmsvg frm-svg-icon\">\n\t<path viewBox=\"0 0 18 18\" fill-rule=\"evenodd\" clip-rule=\"evenodd\" d=\"M8.2 4v8a.8.8 0 001.5 0V4l2.1 2.2A.7.7 0 1013 5L9.5 1.7a.7.7 0 00-1.1 0L5.1 5.2a.8.8 0 001 1l2.1-2zm7.6 4.3c.4 0 .7.3.7.7v6.8c0 .4-.3.7-.8.7H2.3a.8.8 0 01-.8-.8V9A.8.8 0 013 9v6h12V9c0-.4.3-.8.8-.8z\"><\/path>\n<\/svg>\t\t<span class=\"frm_upload_text\"><button type=\"button\" aria-label=\"Pour visiter un \u00e9tablissement, veuillez fournir une lettre de soutien de la part de celui-ci.. D\u00e9posez un fichier ici ou cliquez pour le t\u00e9l\u00e9charger. Maximum file size: 1.54MB\">D\u00e9posez un fichier ici ou cliquez pour le t\u00e9l\u00e9charger<\/button><\/span>\n\t\t<span class=\"frm_compact_text\"><button type=\"button\" aria-label=\"Pour visiter un \u00e9tablissement, veuillez fournir une lettre de soutien de la part de celui-ci.. choisir un fichier. Maximum file size: 1.54MB\">choisir un fichier<\/button><\/span>\n\t\t<div class=\"frm_small_text\">\n\t\t\t<p>Maximum file size: 1.54MB<\/p>\n\t\t<\/div>\n\t<\/div>\n<\/div>\n\t\r\n\t\r\n\t\r\n<\/div>\n<\/div>\n<div id=\"frm_field_177_container\" class=\"frm_form_field frm_section_heading form-field \">\r\n<h3 class=\"frm_pos_top frm_section_spacing\">Veuillez fournir trois (3) r\u00e9f\u00e9rences que le comit\u00e9 de s\u00e9lection pourra contacter. Aucune lettre de recommandation n'est requise.<\/h3>\r\n\r\n\r\n<div id=\"frm_field_170_container\" class=\"frm_form_field form-field  frm_required_field frm_top_container frm6 frm_first\">\r\n\t<div  id=\"field_w92hl_label\" class=\"frm_primary_label\">R\u00e9f\u00e9rence 1 Nom\r\n\t\t<span class=\"frm_required\" aria-hidden=\"true\">*<\/span>\r\n\t<\/div>\r\n\t<fieldset aria-labelledby=\"field_w92hl_label\">\n\t<legend class=\"frm_screen_reader frm_hidden\">\n\t\tR\u00e9f\u00e9rence 1 Nom\t<\/legend>\n\n\t<div  class=\"frm_combo_inputs_container\" id=\"frm_combo_inputs_container_170\" data-name-layout=\"first_last\">\n\t\t\t\t\t<div\n\t\t\t\tid=\"frm_field_170-first_container\"\n\t\t\t\tclass=\"frm_form_field form-field frm_form_subfield-first  frm6\"\n\t\t\t\tdata-sub-field-name=\"first\"\n\t\t\t>\n\t\t\t\t<label for=\"field_w92hl_first\" class=\"frm_screen_reader frm_hidden\">\n\t\t\t\t\tpr\u00e9nom\t\t\t\t<\/label>\n\n\t\t\t\t<input  type=\"text\" id=\"field_w92hl_first\" value=\"\" name=\"item_meta[170][first]\" autocomplete=\"given-name\" data-sectionid=\"177\"  data-reqmsg=\"R\u00e9f\u00e9rence 1 Nom ne peut pas \u00eatre vide.\" aria-required=\"true\" data-invmsg=\"R\u00e9f\u00e9rence 1 Nom est non valide\" aria-invalid=\"false\"  \/><div class=\"frm_description\" id=\"frm_field_170_first_desc\">pr\u00e9nom<\/div>\t\t\t<\/div>\n\t\t\t\t\t\t<div\n\t\t\t\tid=\"frm_field_170-last_container\"\n\t\t\t\tclass=\"frm_form_field form-field frm_form_subfield-last  frm6\"\n\t\t\t\tdata-sub-field-name=\"last\"\n\t\t\t>\n\t\t\t\t<label for=\"field_w92hl_last\" class=\"frm_screen_reader frm_hidden\">\n\t\t\t\t\tnom de famille\t\t\t\t<\/label>\n\n\t\t\t\t<input  type=\"text\" id=\"field_w92hl_last\" value=\"\" name=\"item_meta[170][last]\" autocomplete=\"family-name\" data-sectionid=\"177\"  data-reqmsg=\"R\u00e9f\u00e9rence 1 Nom ne peut pas \u00eatre vide.\" aria-required=\"true\" data-invmsg=\"R\u00e9f\u00e9rence 1 Nom est non valide\" aria-invalid=\"false\"  \/><div class=\"frm_description\" id=\"frm_field_170_last_desc\">nom de famille<\/div>\t\t\t<\/div>\n\t\t\t\t<\/div>\n<\/fieldset>\n\r\n\t\r\n\t\r\n<\/div>\n<div id=\"frm_field_171_container\" class=\"frm_form_field form-field  frm_required_field frm_top_container frm6\">\r\n\t<label for=\"field_kgwo6\" id=\"field_kgwo6_label\" class=\"frm_primary_label\">R\u00e9f\u00e9rence 1 Courriel\r\n\t\t<span class=\"frm_required\" aria-hidden=\"true\">*<\/span>\r\n\t<\/label>\r\n\t<input type=\"email\" id=\"field_kgwo6\" name=\"item_meta[171]\" value=\"\"  data-sectionid=\"177\"  autocomplete=\"email\"  data-reqmsg=\"R\u00e9f\u00e9rence 1 Courriel ne peut pas \u00eatre vide.\" aria-required=\"true\" data-invmsg=\"R\u00e9f\u00e9rence 1 Courriel n&#039;est pas valide\" aria-invalid=\"false\"  \/>\r\n\t\r\n\t\r\n<\/div>\n<div id=\"frm_field_173_container\" class=\"frm_form_field form-field  frm_required_field frm_top_container frm6 frm_first\">\r\n\t<div  id=\"field_fsbul_label\" class=\"frm_primary_label\">R\u00e9f\u00e9rence 2 Nom\r\n\t\t<span class=\"frm_required\" aria-hidden=\"true\">*<\/span>\r\n\t<\/div>\r\n\t<fieldset aria-labelledby=\"field_fsbul_label\">\n\t<legend class=\"frm_screen_reader frm_hidden\">\n\t\tR\u00e9f\u00e9rence 2 Nom\t<\/legend>\n\n\t<div  class=\"frm_combo_inputs_container\" id=\"frm_combo_inputs_container_173\" data-name-layout=\"first_last\">\n\t\t\t\t\t<div\n\t\t\t\tid=\"frm_field_173-first_container\"\n\t\t\t\tclass=\"frm_form_field form-field frm_form_subfield-first  frm6\"\n\t\t\t\tdata-sub-field-name=\"first\"\n\t\t\t>\n\t\t\t\t<label for=\"field_fsbul_first\" class=\"frm_screen_reader frm_hidden\">\n\t\t\t\t\tpr\u00e9nom\t\t\t\t<\/label>\n\n\t\t\t\t<input  type=\"text\" id=\"field_fsbul_first\" value=\"\" name=\"item_meta[173][first]\" data-sectionid=\"177\"  data-reqmsg=\"R\u00e9f\u00e9rence 2 Nom ne peut pas \u00eatre vide.\" aria-required=\"true\" data-invmsg=\"R\u00e9f\u00e9rence 2 Nom est non valide\" aria-invalid=\"false\"  \/><div class=\"frm_description\" id=\"frm_field_173_first_desc\">pr\u00e9nom<\/div>\t\t\t<\/div>\n\t\t\t\t\t\t<div\n\t\t\t\tid=\"frm_field_173-last_container\"\n\t\t\t\tclass=\"frm_form_field form-field frm_form_subfield-last  frm6\"\n\t\t\t\tdata-sub-field-name=\"last\"\n\t\t\t>\n\t\t\t\t<label for=\"field_fsbul_last\" class=\"frm_screen_reader frm_hidden\">\n\t\t\t\t\tnom de famille\t\t\t\t<\/label>\n\n\t\t\t\t<input  type=\"text\" id=\"field_fsbul_last\" value=\"\" name=\"item_meta[173][last]\" data-sectionid=\"177\"  data-reqmsg=\"R\u00e9f\u00e9rence 2 Nom ne peut pas \u00eatre vide.\" aria-required=\"true\" data-invmsg=\"R\u00e9f\u00e9rence 2 Nom est non valide\" aria-invalid=\"false\"  \/><div class=\"frm_description\" id=\"frm_field_173_last_desc\">nom de famille<\/div>\t\t\t<\/div>\n\t\t\t\t<\/div>\n<\/fieldset>\n\r\n\t\r\n\t\r\n<\/div>\n<div id=\"frm_field_174_container\" class=\"frm_form_field form-field  frm_required_field frm_top_container frm6\">\r\n\t<label for=\"field_m49j8\" id=\"field_m49j8_label\" class=\"frm_primary_label\">R\u00e9f\u00e9rence 2 Courriel\r\n\t\t<span class=\"frm_required\" aria-hidden=\"true\">*<\/span>\r\n\t<\/label>\r\n\t<input type=\"email\" id=\"field_m49j8\" name=\"item_meta[174]\" value=\"\"  data-sectionid=\"177\"  autocomplete=\"email\"  data-reqmsg=\"R\u00e9f\u00e9rence 2 Courriel ne peut pas \u00eatre vide.\" aria-required=\"true\" data-invmsg=\"R\u00e9f\u00e9rence 2 Courriel n&#039;est pas valide\" aria-invalid=\"false\"  \/>\r\n\t\r\n\t\r\n<\/div>\n<div id=\"frm_field_175_container\" class=\"frm_form_field form-field  frm_required_field frm_top_container frm6 frm_first\">\r\n\t<div  id=\"field_nwo6l_label\" class=\"frm_primary_label\">R\u00e9f\u00e9rence 3 Nom\r\n\t\t<span class=\"frm_required\" aria-hidden=\"true\">*<\/span>\r\n\t<\/div>\r\n\t<fieldset aria-labelledby=\"field_nwo6l_label\">\n\t<legend class=\"frm_screen_reader frm_hidden\">\n\t\tR\u00e9f\u00e9rence 3 Nom\t<\/legend>\n\n\t<div  class=\"frm_combo_inputs_container\" id=\"frm_combo_inputs_container_175\" data-name-layout=\"first_last\">\n\t\t\t\t\t<div\n\t\t\t\tid=\"frm_field_175-first_container\"\n\t\t\t\tclass=\"frm_form_field form-field frm_form_subfield-first  frm6\"\n\t\t\t\tdata-sub-field-name=\"first\"\n\t\t\t>\n\t\t\t\t<label for=\"field_nwo6l_first\" class=\"frm_screen_reader frm_hidden\">\n\t\t\t\t\tpr\u00e9nom\t\t\t\t<\/label>\n\n\t\t\t\t<input  type=\"text\" id=\"field_nwo6l_first\" value=\"\" name=\"item_meta[175][first]\" data-sectionid=\"177\"  data-reqmsg=\"R\u00e9f\u00e9rence 3 Nom ne peut pas \u00eatre vide.\" aria-required=\"true\" data-invmsg=\"R\u00e9f\u00e9rence 3 Nom est non valide\" aria-invalid=\"false\"  \/><div class=\"frm_description\" id=\"frm_field_175_first_desc\">pr\u00e9nom<\/div>\t\t\t<\/div>\n\t\t\t\t\t\t<div\n\t\t\t\tid=\"frm_field_175-last_container\"\n\t\t\t\tclass=\"frm_form_field form-field frm_form_subfield-last  frm6\"\n\t\t\t\tdata-sub-field-name=\"last\"\n\t\t\t>\n\t\t\t\t<label for=\"field_nwo6l_last\" class=\"frm_screen_reader frm_hidden\">\n\t\t\t\t\tnom de famille\t\t\t\t<\/label>\n\n\t\t\t\t<input  type=\"text\" id=\"field_nwo6l_last\" value=\"\" name=\"item_meta[175][last]\" data-sectionid=\"177\"  data-reqmsg=\"R\u00e9f\u00e9rence 3 Nom ne peut pas \u00eatre vide.\" aria-required=\"true\" data-invmsg=\"R\u00e9f\u00e9rence 3 Nom est non valide\" aria-invalid=\"false\"  \/><div class=\"frm_description\" id=\"frm_field_175_last_desc\">nom de famille<\/div>\t\t\t<\/div>\n\t\t\t\t<\/div>\n<\/fieldset>\n\r\n\t\r\n\t\r\n<\/div>\n<div id=\"frm_field_176_container\" class=\"frm_form_field form-field  frm_required_field frm_top_container frm6\">\r\n\t<label for=\"field_rp86g\" id=\"field_rp86g_label\" class=\"frm_primary_label\">R\u00e9f\u00e9rence 3 Courriel\r\n\t\t<span class=\"frm_required\" aria-hidden=\"true\">*<\/span>\r\n\t<\/label>\r\n\t<input type=\"email\" id=\"field_rp86g\" name=\"item_meta[176]\" value=\"\"  data-sectionid=\"177\"  autocomplete=\"email\"  data-reqmsg=\"R\u00e9f\u00e9rence 3 Courriel ne peut pas \u00eatre vide.\" aria-required=\"true\" data-invmsg=\"R\u00e9f\u00e9rence 3 Courriel n&#039;est pas valide\" aria-invalid=\"false\"  \/>\r\n\t\r\n\t\r\n<\/div>\n<\/div>\n<div id=\"frm_field_161_container\" class=\"frm_form_field form-field \">\r\n\t<div class=\"frm_submit\">\r\n\r\n<button class=\"frm_button_submit frm_final_submit\" type=\"submit\"  formnovalidate=\"formnovalidate\">soumettre<\/button>\r\n\r\n<\/div>\r\n<\/div>\n\t<input type=\"hidden\" name=\"item_key\" value=\"\" \/>\n\t\t\t<div id=\"frm_field_184_container\">\n\t\t\t<label for=\"field_km0yt\" >\n\t\t\t\tSi vous \u00eates un humain, ne remplissez pas ce champ.\t\t\t<\/label>\n\t\t\t<input  id=\"field_km0yt\" type=\"text\" class=\"frm_form_field form-field frm_verify\" name=\"item_meta[184]\" value=\"\"  \/>\n\t\t<\/div>\n\t\t<input name=\"frm_state\" type=\"hidden\" value=\"y4mhjcvwjol4HL\/6fmGkCfoMBQqZlAB\/VjwkyDhpvmAYUIUFdZGOOA7LcSJ4XPzn\" \/><\/div>\n<\/fieldset>\n<\/div>\n\n<\/form>\n<\/div>\n\n","add_important_dates_block":false,"important_dates":false,"background_image":false}]},"_links":{"self":[{"href":"https:\/\/ccpm.ca\/fr\/wp-json\/wp\/v2\/pages\/12149","targetHints":{"allow":["GET"]}}],"collection":[{"href":"https:\/\/ccpm.ca\/fr\/wp-json\/wp\/v2\/pages"}],"about":[{"href":"https:\/\/ccpm.ca\/fr\/wp-json\/wp\/v2\/types\/page"}],"author":[{"embeddable":true,"href":"https:\/\/ccpm.ca\/fr\/wp-json\/wp\/v2\/users\/625"}],"replies":[{"embeddable":true,"href":"https:\/\/ccpm.ca\/fr\/wp-json\/wp\/v2\/comments?post=12149"}],"version-history":[{"count":2,"href":"https:\/\/ccpm.ca\/fr\/wp-json\/wp\/v2\/pages\/12149\/revisions"}],"predecessor-version":[{"id":12151,"href":"https:\/\/ccpm.ca\/fr\/wp-json\/wp\/v2\/pages\/12149\/revisions\/12151"}],"wp:attachment":[{"href":"https:\/\/ccpm.ca\/fr\/wp-json\/wp\/v2\/media?parent=12149"}],"curies":[{"name":"wp","href":"https:\/\/api.w.org\/{rel}","templated":true}]}}