{"id":12582,"date":"2026-05-01T12:43:40","date_gmt":"2026-05-01T16:43:40","guid":{"rendered":"https:\/\/ccpm.ca\/?page_id=12582"},"modified":"2026-05-01T13:30:50","modified_gmt":"2026-05-01T17:30:50","slug":"assemblee-generale-annuelle","status":"publish","type":"page","link":"https:\/\/ccpm.ca\/fr\/a-propos\/assemblee-generale-annuelle\/","title":{"rendered":"Assembl\u00e9e g\u00e9n\u00e9rale annuelle (AGA)"},"content":{"rendered":"","protected":false},"excerpt":{"rendered":"","protected":false},"author":625,"featured_media":0,"parent":1533,"menu_order":0,"comment_status":"closed","ping_status":"closed","template":"","meta":{"_acf_changed":false,"footnotes":""},"class_list":["post-12582","page","type-page","status-publish","hentry"],"acf":{"content":[{"acf_fc_layout":"header","title":"<h1 style=\"text-align: center;\">Assembl\u00e9e g\u00e9n\u00e9rale annuelle (AGA) Virtuelle de 2026 du CCPM<\/h1>\n<h2 style=\"text-align: center;\">mercredi le 10 juin 2026 1:00-2:00 Heure de l&rsquo;est<\/h2>\n<p>L&rsquo;Assembl\u00e9e g\u00e9n\u00e9rale annuelle (AGA) des membres du COLL\u00c8GE CANADIEN DES PHYSICIENS EN M\u00c9DECINE (CCPM) se tiendra par voie \u00e9lectronique via Zoom le 10 juin 2026\u00a0 \u00e0 1:00 PM HE aux fins suivantes :<\/p>\n<ul>\n<li>Recevoir les \u00e9tats financiers du CCPM pour l&rsquo;exercice clos le 31 d\u00e9cembre 2025.<\/li>\n<li>Annoncer les nouveaux directeurs du Conseil d&rsquo;administration du CCPM.<\/li>\n<li>Traiter toute autre question qui pourrait \u00eatre soumise aux membres.<\/li>\n<\/ul>\n<p><strong>Pour nous rejoindre via le webinaire Zoom, <span style=\"text-decoration: underline;\"><a href=\"https:\/\/us06web.zoom.us\/meeting\/register\/dLHY63-ZQ-ywUBahv5xERg#\/registration\">l&rsquo;inscription pr\u00e9alable<\/a><\/span> est requise avant le 8 juin 2026 \u00e0 16h00 (heure de l&rsquo;Est).<\/strong><\/p>\n<p>L&rsquo;order du jour\u00a0de r\u00e9unions est disponibles\u00a0<span style=\"text-decoration: underline;\"><a href=\"https:\/\/ccpm.ca\/wp-content\/uploads\/sites\/2\/2026\/05\/1-AGA-CCPM_Ordre-du-Jour_2026-1.pdf\" target=\"_blank\" rel=\"noopener\">ici<\/a><\/span>. L&rsquo;ensemble des documents sera disponible deux semaines avant la r\u00e9union.<\/p>\n<p>Remerciements du conseil d&rsquo;administration du CCPM.<\/p>\n","add_important_dates_block":false,"important_dates":false,"background_image":false},{"acf_fc_layout":"one_col","content":"","id":"","column_width":"full","customized_column_width":100,"background_type":"none","background_image":false,"background_color":"","padding":{"top":"none","bottom":"none","left":"none","right":"none"}}]},"_links":{"self":[{"href":"https:\/\/ccpm.ca\/fr\/wp-json\/wp\/v2\/pages\/12582","targetHints":{"allow":["GET"]}}],"collection":[{"href":"https:\/\/ccpm.ca\/fr\/wp-json\/wp\/v2\/pages"}],"about":[{"href":"https:\/\/ccpm.ca\/fr\/wp-json\/wp\/v2\/types\/page"}],"author":[{"embeddable":true,"href":"https:\/\/ccpm.ca\/fr\/wp-json\/wp\/v2\/users\/625"}],"replies":[{"embeddable":true,"href":"https:\/\/ccpm.ca\/fr\/wp-json\/wp\/v2\/comments?post=12582"}],"version-history":[{"count":6,"href":"https:\/\/ccpm.ca\/fr\/wp-json\/wp\/v2\/pages\/12582\/revisions"}],"predecessor-version":[{"id":12600,"href":"https:\/\/ccpm.ca\/fr\/wp-json\/wp\/v2\/pages\/12582\/revisions\/12600"}],"up":[{"embeddable":true,"href":"https:\/\/ccpm.ca\/fr\/wp-json\/wp\/v2\/pages\/1533"}],"wp:attachment":[{"href":"https:\/\/ccpm.ca\/fr\/wp-json\/wp\/v2\/media?parent=12582"}],"curies":[{"name":"wp","href":"https:\/\/api.w.org\/{rel}","templated":true}]}}