{"id":1533,"date":"2025-04-07T16:42:25","date_gmt":"2025-04-07T20:42:25","guid":{"rendered":"https:\/\/ccpm.adminccpm.devmeb.ca\/about\/"},"modified":"2025-10-17T09:58:56","modified_gmt":"2025-10-17T13:58:56","slug":"a-propos","status":"publish","type":"page","link":"https:\/\/ccpm.ca\/fr\/a-propos\/","title":{"rendered":"\u00c0 propos"},"content":{"rendered":"","protected":false},"excerpt":{"rendered":"","protected":false},"author":1,"featured_media":0,"parent":0,"menu_order":0,"comment_status":"closed","ping_status":"closed","template":"","meta":{"_acf_changed":false,"footnotes":""},"class_list":["post-1533","page","type-page","status-publish","hentry"],"acf":{"content":[{"acf_fc_layout":"header","title":"<h1>\u00c0 propos de nous<\/h1>\n<h2>Le coll\u00e8ge canadien<br \/>\ndes physiciens en m\u00e9decine<\/h2>\n","add_important_dates_block":false,"important_dates":false,"background_image":false},{"acf_fc_layout":"two_col","content_col_1":"<p>Le Coll\u00e8ge canadien des physiciens en m\u00e9decine (CCPM) a \u00e9t\u00e9 cr\u00e9\u00e9 en 1979 pour reconna\u00eetre les comp\u00e9tences en physique appliqu\u00e9e \u00e0 la m\u00e9decine. Les candidates et candidats qui satisfont \u00e0 certains crit\u00e8res en mati\u00e8re d&rsquo;\u00e9ducation et d&rsquo;exp\u00e9rience peuvent devenir membres du Coll\u00e8ge apr\u00e8s avoir pass\u00e9 des examens. La certification professionnelle du CCPM est g\u00e9n\u00e9ralement reconnue au Canada et \u00e0 l&rsquo;\u00e9tranger et elle est souvent requise pour exercer aux niveaux sup\u00e9rieurs de la physique m\u00e9dicale.<\/p>\n<p>Le Coll\u00e8ge canadien des physiciens en m\u00e9decine (CCPM) a pour\u00a0mission\u00a0de servir le public en certifiant la comp\u00e9tence des individus qui ont acquis, manifest\u00e9 et maintenu un niveau de connaissances, d&rsquo;habilet\u00e9s et de compr\u00e9hension essentiel \u00e0 la pratique de la physique m\u00e9dicale en clinique.<\/p>\n","content_col_2":"<p>Les physiciens en m\u00e9decine qui satisfont \u00e0 certains crit\u00e8res d&rsquo;\u00e9ducation et d&rsquo;exp\u00e9rience sont certifi\u00e9s apr\u00e8s examen en tant que\u00a0membres\u00a0ou\u00a0fellows. L&rsquo;adh\u00e9sion au CCPM certifie que le membre a la comp\u00e9tence n\u00e9cessaire en physique m\u00e9dicale pour soigner les patients\u2009; elle doit \u00eatre maintenue par un renouvellement de la certification. Le fellowship atteste de l&rsquo;excellence dans la prestation de services cliniques, l&rsquo;\u00e9ducation ou la recherche. Les institutions m\u00e9dicales disposent ainsi du m\u00e9canisme n\u00e9cessaire pour s&rsquo;assurer que des services de physique m\u00e9dicale de haut niveau sont disponibles pour les soins \u00e0 la patient\u00e8le.<\/p>\n","id":"","column_width":"half","col1_width":"","col2_width":"","background_type":"none","apply_background_options_to":"col","background_image_col1":false,"background_image_col2":false,"background_color_col1":"","background_color_col2":"","padding":{"top":"none","bottom":"standard","left":"none","right":"none"}},{"acf_fc_layout":"bento","layout":"preset1","section_1":{"content":"<h3><span style=\"color: #0057ac;\">Structure organisationnelle du CCPM<\/span><\/h3>\n<p>Le Coll\u00e8ge est dirig\u00e9 par un conseil d\u2019administration compos\u00e9 de personnes \u00e9lues par les membres. Les pr\u00e9cisions concernant ces postes et leurs mandats sont \u00e9nonc\u00e9s dans les r\u00e8glements administratifs.<\/p>\n","background_color":"rgb(243,243,243)","background_image":false,"text_white":false},"section_2":{"content":"<h3>Frais d&rsquo;adh\u00e9sion<\/h3>\n<p>Des frais d&rsquo;adh\u00e9sion annuels sont \u00e9tablis conjointement par l&rsquo;OCPM et le CCPM. Les membres et fellows du CCPM sont tenus de payer les frais d\u2019adh\u00e9sion \u00e0 l\u2019OCPM afin de conserver leur certification.<\/p>\n","background_color":"rgb(0,135,186)","background_image":false,"text_white":true},"section_3":{"content":"<h3>Pour plus d\u2019informations<\/h3>\n<p>Pour plus de renseignements, veuillez contacter <a href=\"mailto:registrar@ccpm.ca\">la personne responsable des inscriptions<\/a> du Coll\u00e8ge canadien des physiciens en m\u00e9decine.<\/p>\n","background_color":"rgb(0,87,172)","background_image":false,"text_white":true},"section_4":{"content":"<h3>Organisation canadienne des physiciens m\u00e9dicaux<\/h3>\n<p>Les physiciens m\u00e9dicaux agr\u00e9\u00e9s par le CCPM sont \u00e9galement membres de l&rsquo;Organisation canadienne des physiciens m\u00e9dicaux (OCPM), un organisme professionnel qui dessert les physiciens m\u00e9dicaux du Canada. Le CCPM et l&rsquo;OCPM sont des organismes ind\u00e9pendants \u00e9troitement li\u00e9s.<\/p>\n","background_color":"rgb(0,135,186)","background_image":false,"text_white":true},"section_5":{"content":"<h2>Canadian Organization of Medical Physicists<\/h2>\n<p>CCPM certified medical physicists also belong to the Canadian Organization of Medical Physicists (COMP), a professional organization for medical physicists in Canada. The CCPM and COMP are independent organizations but they maintain a close relationship.<\/p>\n","background_color":"rgb(243,243,243)","background_image":false,"text_white":false},"id":"","padding":{"top":"sm","bottom":"standard","left":"none","right":"none"}},{"acf_fc_layout":"one_col","content":"<h2>Conseil d&rsquo;administration<\/h2>\n<h3>Le Coll\u00e8ge est r\u00e9gi par un conseil d\u2019administration compos\u00e9 de personnes \u00e9lues par les membres. Les d\u00e9tails des postes et leurs conditions sont \u00e9nonc\u00e9s dans <a href=\"https:\/\/ccpm.ca\/wp-content\/uploads\/sites\/2\/2025\/05\/67291bc095943.pdf\">les\u00a0r\u00e8glements administratifs<\/a>.<\/h3>\n","id":"ca","column_width":"full","customized_column_width":100,"background_type":"none","background_image":false,"background_color":"","padding":{"top":"standard","bottom":"standard","left":"standard","right":"standard"}},{"acf_fc_layout":"grid","content_loop":[{"content":"<h4><span style=\"color: #0057ac;\">Pr\u00e9sidente<\/span><\/h4>\n<p><span style=\"color: #1e1e1e;\">Caroline Duchesne<\/span><br \/>\n<span style=\"color: #1e1e1e;\">MSc, FCCPM<\/span><\/p>\n<p><a href=\"mailto:president@ccpm.ca\">president@ccpm.ca<\/a><\/p>\n","background_color":"","background_image":false},{"content":"<h4><span style=\"color: #0057ac;\">Vice-Presidente<\/span><\/h4>\n<p>Dre Alanah Bergman<br \/>\nPh.D, FCCPM<\/p>\n","background_color":"","background_image":false},{"content":"<h4><span style=\"color: #0057ac;\">Personne responsable des inscriptions<\/span><\/h4>\n<p><span style=\"color: #1e1e1e;\">Dr Michael Sattarivand<\/span><br \/>\n<span style=\"color: #1e1e1e;\">PhD, PEng, FCCPM<\/span><\/p>\n<p><a href=\"mailto:registrar@ccpm.ca\">registrar@ccpm.ca<\/a><\/p>\n","background_color":"","background_image":false},{"content":"<h4><span style=\"color: #0057ac;\">Examinateur principal<\/span><\/h4>\n<p>Dr Marcus Sonier<br \/>\nPhD, FCCPM<\/p>\n<p><a href=\"mailto:chiefexaminer@ccpm.ca\">chiefexaminer@ccpm.ca<\/a><\/p>\n","background_color":"","background_image":false},{"content":"<h4><span style=\"color: #0057ac;\">Examinateur principal adjoint<\/span><\/h4>\n<p>Alexandre Bourque<br \/>\nM.Sc, FCCPM<\/p>\n<p><a href=\"mailto:deputyexaminer@ccpm.ca\">deputyexaminer@ccpm.ca<\/a><\/p>\n","background_color":"","background_image":false},{"content":"<h4><span style=\"color: #0057ac;\">Secr\u00e9taire-Tr\u00e9sori\u00e8re\u00a0<\/span><\/h4>\n<p>Dre Gabriela Stroian<br \/>\nPh. D., FCCPM<\/p>\n","background_color":"","background_image":false},{"content":"<h4><span style=\"color: #0057ac;\">Membres administrateurs<\/span><\/h4>\n<p>Andrew Goertzen<br \/>\nPh. D., FCCPM<\/p>\n<p>Dre Geetha Menon<br \/>\nPh. D., FCCPM<\/p>\n","background_color":"","background_image":false},{"content":"<h4><span style=\"color: #0057ac;\">Directrice g\u00e9n\u00e9rale\u00a0<\/span><\/h4>\n<p><span style=\"color: #1e1e1e;\">Erika Brown<\/span><br \/>\n<span style=\"color: #1e1e1e;\">CAE<\/span><\/p>\n<p><a href=\"mailto:erika@ccpm.ca\">erika@ccpm.ca<\/a><\/p>\n","background_color":"","background_image":false}],"id":"","columns":"4","padding":{"top":"none","bottom":"none","left":"none","right":"none"}},{"acf_fc_layout":"separator","color":"#0057AC","spacing":"standard"},{"acf_fc_layout":"one_col","content":"<h2>R\u00e8glements administratifs et code d&rsquo;\u00e9thique<\/h2>\n<p>&nbsp;<\/p>\n<h4><span style=\"color: #0057ac;\">R\u00e8glements administratifs<\/span><\/h4>\n<p>Les changements aux r\u00e8glements administratifs du Coll\u00e8ge canadien des physiciens en m\u00e9decine (CCPM) ont \u00e9t\u00e9 approuv\u00e9s par les membres lors de l&rsquo;assembl\u00e9e g\u00e9n\u00e9rale annuelle qui s&rsquo;est tenue le 15\u00a0septembre 2023.<\/p>\n<p><a class=\"btn-orange btn\" href=\"https:\/\/ccpm.ca\/wp-content\/uploads\/sites\/2\/2025\/05\/67291bc095943.pdf\">Consulter les r\u00e8glements administratifs<\/a><\/p>\n<p><a class=\"btn-orange btn\" href=\"https:\/\/ccpm.ca\/wp-content\/uploads\/sites\/2\/2025\/10\/CCPM-Regulations-July-2025.pdf\" target=\"_blank\" rel=\"noopener\">R\u00e8glements g\u00e9n\u00e9raux du Coll\u00e8ge canadien des physiciens en m\u00e9decine<\/a><\/p>\n<p>&nbsp;<\/p>\n<h4><span style=\"color: #0057ac;\">Code d&rsquo;\u00e9thique conjoint de l&rsquo;OCPM et du CCPM<\/span><\/h4>\n<p>En 2022, l&rsquo;OCPM et le CCPM ont collabor\u00e9 \u00e0 l&rsquo;\u00e9laboration d&rsquo;un nouveau code de d\u00e9ontologie commun. Comme les codes originaux de l&rsquo;OCPM et du CCPM, ce document a pour but d&rsquo;aider les membres des deux organisations \u00e0 maintenir une conduite \u00e9thique dans leur profession.<\/p>\n<p><a class=\"btn-orange btn\" href=\"https:\/\/ccpm.ca\/wp-content\/uploads\/sites\/2\/2025\/05\/66129d782d4bf.pdf\">Consulter le code d&rsquo;\u00e9thique (la version fran\u00e7aise est en pr\u00e9paration)<\/a><\/p>\n<p>Une proc\u00e9dure a \u00e9t\u00e9 mise en place afin de favoriser un processus \u00e9quitable et transparent permettant aux membres du COMP et du CCPM de d\u00e9poser et de faire traiter des plaintes relatives \u00e0 des violations du code d&rsquo;\u00e9thique.<\/p>\n<p><a class=\"btn-orange btn\" href=\"https:\/\/ccpm.ca\/wp-content\/uploads\/sites\/2\/2025\/05\/6612a23a8dcca.pdf\"> Consulter la proc\u00e9dure de plainte pour violation du code d&rsquo;\u00e9thique (la version fran\u00e7aise est en pr\u00e9paration)<\/a><\/p>\n<p>Soumettre une plainte directement \u00e0 l&rsquo;un ou aux deux co-pr\u00e9sidents du Comit\u00e9 d&rsquo;\u00e9thique conjoint de l&rsquo;OCPM et du CCPM. Ce poste est occup\u00e9 par les vice-pr\u00e9sidents du conseil d\u2019administration de chaque organisation. Leurs coordonn\u00e9es sont disponibles sur la page du conseil d&rsquo;administration[SV1]\u00a0 de ce site web.<\/p>\n","id":"ethique","column_width":"full","customized_column_width":100,"background_type":"none","background_image":false,"background_color":"","padding":{"top":"sm","bottom":"standard","left":"none","right":"none"}},{"acf_fc_layout":"separator","color":"#0057AC","spacing":"sm"},{"acf_fc_layout":"one_col","content":"<h2><span style=\"color: #0057ac;\">D\u00e9claration sur la diversit\u00e9<\/span><\/h2>\n<p>Le Coll\u00e8ge canadien des physiciens en m\u00e9decine (CCPM) accueille la diversit\u00e9 de ses membres en ce qui concerne la race, le sexe, l\u2019orientation sexuelle, la religion ou l\u2019origine. Le CCPM s\u2019efforce de refl\u00e9ter cette diversit\u00e9 dans la composition de son conseil d\u2019administration et de ses comit\u00e9s afin de garantir une prise de d\u00e9cision impartiale, des processus \u00e9quitables et des r\u00e9sultats appropri\u00e9s dans l\u2019accomplissement de la mission du CCPM.<\/p>\n<p>&nbsp;<\/p>\n","id":"diversite","column_width":"full","customized_column_width":100,"background_type":"none","background_image":false,"background_color":"","padding":{"top":"standard","bottom":"standard","left":"none","right":"none"}}],"current_step":"documents"},"_links":{"self":[{"href":"https:\/\/ccpm.ca\/fr\/wp-json\/wp\/v2\/pages\/1533","targetHints":{"allow":["GET"]}}],"collection":[{"href":"https:\/\/ccpm.ca\/fr\/wp-json\/wp\/v2\/pages"}],"about":[{"href":"https:\/\/ccpm.ca\/fr\/wp-json\/wp\/v2\/types\/page"}],"author":[{"embeddable":true,"href":"https:\/\/ccpm.ca\/fr\/wp-json\/wp\/v2\/users\/1"}],"replies":[{"embeddable":true,"href":"https:\/\/ccpm.ca\/fr\/wp-json\/wp\/v2\/comments?post=1533"}],"version-history":[{"count":16,"href":"https:\/\/ccpm.ca\/fr\/wp-json\/wp\/v2\/pages\/1533\/revisions"}],"predecessor-version":[{"id":10557,"href":"https:\/\/ccpm.ca\/fr\/wp-json\/wp\/v2\/pages\/1533\/revisions\/10557"}],"wp:attachment":[{"href":"https:\/\/ccpm.ca\/fr\/wp-json\/wp\/v2\/media?parent=1533"}],"curies":[{"name":"wp","href":"https:\/\/api.w.org\/{rel}","templated":true}]}}