{"id":1535,"date":"2025-04-07T15:56:32","date_gmt":"2025-04-07T19:56:32","guid":{"rendered":"https:\/\/ccpm.adminccpm.devmeb.ca\/accueil\/"},"modified":"2025-08-14T10:39:00","modified_gmt":"2025-08-14T14:39:00","slug":"accueil","status":"publish","type":"page","link":"https:\/\/ccpm.ca\/fr\/","title":{"rendered":"Accueil"},"content":{"rendered":"","protected":false},"excerpt":{"rendered":"","protected":false},"author":1,"featured_media":0,"parent":0,"menu_order":0,"comment_status":"closed","ping_status":"closed","template":"","meta":{"_acf_changed":false,"footnotes":""},"class_list":["post-1535","page","type-page","status-publish","hentry"],"acf":{"content":[{"acf_fc_layout":"header","title":"<h1>\u00c0 PROPOS DE NOTRE<br \/>\nORGANISATION<\/h1>\n<h2>Le coll\u00e8ge canadien<br \/>\ndes physiciens en m\u00e9decine<\/h2>\n","add_important_dates_block":true,"important_dates":[{"date":"7 mar 2026","description":"<p>Certification<br \/>\nExamen \u00e9crit<\/p>\n","link_to_events":false},{"date":"2-3 mai 2026","description":"<p>Mammographie<br \/>\nExamens<\/p>\n","link_to_events":false},{"date":"2-3 mai 2026","description":"<p>Certification<br \/>\nExamen oral<\/p>\n","link_to_events":false},{"date":"10 avr 2026","description":"<p>Date limite pour la bourse de<br \/>\nvoyage Harold E. Johns<\/p>\n","link_to_events":false}],"background_image":{"ID":2515,"id":2515,"title":"Groupe 533","filename":"Groupe-533.png","filesize":501066,"url":"https:\/\/ccpm.ca\/wp-content\/uploads\/sites\/2\/2025\/06\/Groupe-533.png","link":"https:\/\/ccpm.ca\/fr\/accueil\/groupe-533-2\/","alt":"","author":"3","description":"","caption":"","name":"groupe-533-2","status":"inherit","uploaded_to":1535,"date":"2025-06-20 13:55:59","modified":"2025-06-20 13:55:59","menu_order":0,"mime_type":"image\/png","type":"image","subtype":"png","icon":"https:\/\/ccpm.ca\/wp-includes\/images\/media\/default.png","width":1920,"height":491,"sizes":{"thumbnail":"https:\/\/ccpm.ca\/wp-content\/uploads\/sites\/2\/2025\/06\/Groupe-533-300x300.png","thumbnail-width":300,"thumbnail-height":300,"medium":"https:\/\/ccpm.ca\/wp-content\/uploads\/sites\/2\/2025\/06\/Groupe-533-600x153.png","medium-width":600,"medium-height":153,"medium_large":"https:\/\/ccpm.ca\/wp-content\/uploads\/sites\/2\/2025\/06\/Groupe-533-768x196.png","medium_large-width":768,"medium_large-height":196,"large":"https:\/\/ccpm.ca\/wp-content\/uploads\/sites\/2\/2025\/06\/Groupe-533-1024x262.png","large-width":1024,"large-height":262,"1536x1536":"https:\/\/ccpm.ca\/wp-content\/uploads\/sites\/2\/2025\/06\/Groupe-533-1536x393.png","1536x1536-width":1536,"1536x1536-height":393,"2048x2048":"https:\/\/ccpm.ca\/wp-content\/uploads\/sites\/2\/2025\/06\/Groupe-533.png","2048x2048-width":1920,"2048x2048-height":491,"xlarge":"https:\/\/ccpm.ca\/wp-content\/uploads\/sites\/2\/2025\/06\/Groupe-533-1200x307.png","xlarge-width":1200,"xlarge-height":307,"woocommerce_thumbnail":"https:\/\/ccpm.ca\/wp-content\/uploads\/sites\/2\/2025\/06\/Groupe-533-300x300.png","woocommerce_thumbnail-width":300,"woocommerce_thumbnail-height":300,"woocommerce_single":"https:\/\/ccpm.ca\/wp-content\/uploads\/sites\/2\/2025\/06\/Groupe-533-600x153.png","woocommerce_single-width":600,"woocommerce_single-height":153,"woocommerce_gallery_thumbnail":"https:\/\/ccpm.ca\/wp-content\/uploads\/sites\/2\/2025\/06\/Groupe-533-100x100.png","woocommerce_gallery_thumbnail-width":100,"woocommerce_gallery_thumbnail-height":100}}},{"acf_fc_layout":"two_col","content_col_1":"<p>Le Coll\u00e8ge canadien des physiciens en m\u00e9decine (CCPM) a \u00e9t\u00e9 cr\u00e9\u00e9 en 1979 pour reconna\u00eetre les comp\u00e9tences en physique appliqu\u00e9e \u00e0 la m\u00e9decine. Les candidates et candidats qui satisfont \u00e0 certains crit\u00e8res en mati\u00e8re d&rsquo;\u00e9ducation et d&rsquo;exp\u00e9rience peuvent devenir membres du Coll\u00e8ge apr\u00e8s avoir pass\u00e9 des examens. L\u2019attestation professionnelle du CCPM est g\u00e9n\u00e9ralement reconnue au Canada et \u00e0 l&rsquo;\u00e9tranger et elle est souvent requise pour exercer aux niveaux sup\u00e9rieurs de la physique m\u00e9dicale.<\/p>\n<p><a class=\"btn-orange btn\" href=\"https:\/\/ccpm.ca\/about\/\">Explorez<\/a><\/p>\n","content_col_2":"","id":"","column_width":"half","col1_width":"","col2_width":"","background_type":"none","apply_background_options_to":"col","background_image_col1":false,"background_image_col2":false,"background_color_col1":"rgb(0,87,172)","background_color_col2":"","padding":{"top":"standard","bottom":"standard","left":"none","right":"none"}},{"acf_fc_layout":"grid_slider","content_loop":[{"content":"<h3>Certification<\/h3>\n<p>Les personnes souhaitant obtenir la certification du CCPM doivent r\u00e9pondre \u00e0 certaines exigences. Les candidates et candidats souhaitant \u00eatre admis au titre de membre doivent \u00eatre titulaires d\u2019un dipl\u00f4me d\u2019\u00e9tudes sup\u00e9rieures pertinent et poss\u00e9der une certaine exp\u00e9rience professionnelle minimale de deux ans aupr\u00e8s de la patient\u00e8le. Si ces personnes satisfont aux exigences, elles doivent compl\u00e9ter avec succ\u00e8s le processus d\u2019examen, \u00e0 l\u2019issue duquel elles seront \u00e9lues Membre ou Membre associ\u00e9 du Coll\u00e8ge.<\/p>\n<p style=\"text-align: center;\"><a class=\"btn-orange btn\" href=\"https:\/\/ccpm.ca\/certification\/\">Admissibilit\u00e9<\/a><\/p>\n","background_color":"rgb(0,135,186)","background_image":false},{"content":"<h3>Renouvellement de la certification<\/h3>\n<p>Pour maintenir son adh\u00e9sion \u00e0 la certification des comp\u00e9tences aupr\u00e8s du Coll\u00e8ge canadien des physiciens en m\u00e9decine, la professionnelle ou le professionnel doit renouveler sa certification tous les cinq ans.<\/p>\n<p>Le processus de renouvellement de la certification consiste \u00e0 r\u00e9viser les comp\u00e9tences \u00e0 la lumi\u00e8re de preuves de pratique en clinique et de formation continue appropri\u00e9e.<\/p>\n<p style=\"text-align: center;\"><a class=\"btn-orange btn\" href=\"https:\/\/ccpm.ca\/certification\/\">Exigences<\/a><\/p>\n","background_color":"rgb(0,87,172)","background_image":false},{"content":"<h3>Titre de fellow<\/h3>\n<p>Les candidates et candidats \u00e0 l\u2019adh\u00e9sion en tant que fellow doivent poss\u00e9der une exp\u00e9rience professionnelle suppl\u00e9mentaire \u00e0 ce qui est requis pour l\u2019adh\u00e9sion en tant que membre du CCPM et avoir apport\u00e9 une contribution importante aux services cliniques, \u00e0 l&rsquo;\u00e9ducation ou \u00e0 la recherche li\u00e9s \u00e0 la physique m\u00e9dicale. La personne qui satisfait \u00e0 ces exigences doit ensuite r\u00e9ussir le processus d&rsquo;examen, apr\u00e8s quoi elle obtiendra le titre de fellow.<\/p>\n<p style=\"text-align: center;\"><a class=\"btn-orange btn\" href=\"https:\/\/ccpm.ca\/fellowship\/\">Admissibilit\u00e9<\/a><\/p>\n","background_color":"rgb(0,135,186)","background_image":false}],"id":"","slides_to_show":"3","padding":{"top":"standard","bottom":"medium","left":"none","right":"none"}}],"current_step":"documents"},"_links":{"self":[{"href":"https:\/\/ccpm.ca\/fr\/wp-json\/wp\/v2\/pages\/1535","targetHints":{"allow":["GET"]}}],"collection":[{"href":"https:\/\/ccpm.ca\/fr\/wp-json\/wp\/v2\/pages"}],"about":[{"href":"https:\/\/ccpm.ca\/fr\/wp-json\/wp\/v2\/types\/page"}],"author":[{"embeddable":true,"href":"https:\/\/ccpm.ca\/fr\/wp-json\/wp\/v2\/users\/1"}],"replies":[{"embeddable":true,"href":"https:\/\/ccpm.ca\/fr\/wp-json\/wp\/v2\/comments?post=1535"}],"version-history":[{"count":11,"href":"https:\/\/ccpm.ca\/fr\/wp-json\/wp\/v2\/pages\/1535\/revisions"}],"predecessor-version":[{"id":6377,"href":"https:\/\/ccpm.ca\/fr\/wp-json\/wp\/v2\/pages\/1535\/revisions\/6377"}],"wp:attachment":[{"href":"https:\/\/ccpm.ca\/fr\/wp-json\/wp\/v2\/media?parent=1535"}],"curies":[{"name":"wp","href":"https:\/\/api.w.org\/{rel}","templated":true}]}}