{"id":1540,"date":"2025-04-07T16:43:06","date_gmt":"2025-04-07T20:43:06","guid":{"rendered":"https:\/\/ccpm.adminccpm.devmeb.ca\/fellowship\/"},"modified":"2025-12-11T10:53:00","modified_gmt":"2025-12-11T15:53:00","slug":"fellowship","status":"publish","type":"page","link":"https:\/\/ccpm.ca\/fr\/fellowship\/","title":{"rendered":"Fellowship"},"content":{"rendered":"","protected":false},"excerpt":{"rendered":"","protected":false},"author":1,"featured_media":0,"parent":0,"menu_order":0,"comment_status":"closed","ping_status":"closed","template":"","meta":{"_acf_changed":false,"footnotes":""},"class_list":["post-1540","page","type-page","status-publish","hentry"],"acf":{"content":[{"acf_fc_layout":"header","title":"<h1><span style=\"color: #0057ac;\">Titre de fellow<\/span><\/h1>\n<h2><span style=\"color: #ff8b00;\">Admissibilit\u00e9<\/span><\/h2>\n","add_important_dates_block":false,"important_dates":false,"background_image":false},{"acf_fc_layout":"one_col","content":"<p>L\u2019examen d\u2019adh\u00e9sion \u00e0 titre de fellow est un processus en deux \u00e9tapes. Premi\u00e8rement, le candidat doit satisfaire au comit\u00e9 de d\u00e9livrance des titres qu\u2019il respecte les exigences minimales d\u2019admissibilit\u00e9 \u00e0 se pr\u00e9senter \u00e0 l\u2019examen d\u2019adh\u00e9sion \u00e0 titre de fellow. Les candidats \u00e0 l\u2019adh\u00e9sion \u00e0 titre de fellow doivent poss\u00e9der une exp\u00e9rience de travail suppl\u00e9mentaire \u00e0 ce qui est requis pour l\u2019adh\u00e9sion \u00e0 titre de membre du CCPM et avoir apport\u00e9 une contribution importante aux services cliniques, \u00e0 l&rsquo;\u00e9ducation ou \u00e0 la recherche li\u00e9s \u00e0 la physique m\u00e9dicale. Le candidat qui satisfait \u00e0 ces exigences doit ensuite r\u00e9ussir le processus d&rsquo;examen, apr\u00e8s quoi il obtiendra le titre de fellow \u00e0 la prochaine Assembl\u00e9e g\u00e9n\u00e9rale annuelle du Coll\u00e8ge.<\/p>\n<p>Les crit\u00e8res d\u2019adh\u00e9sion \u00e0 titre de fellow au Coll\u00e8ge canadien des physiciens en m\u00e9decine (CCPM) sont \u00e9nonc\u00e9s dans <a href=\"https:\/\/ccpm.ca\/wp-content\/uploads\/sites\/2\/2025\/10\/CCPM-Regulations-July-2025.pdf\" target=\"_blank\" rel=\"noopener\">les R\u00e8glements<\/a> de l\u2019organisme. Les exigences minimales \u00e0 respecter pour se pr\u00e9senter \u00e0 l\u2019examen d\u2019adh\u00e9sion \u00e0 titre de fellow incluent ce qui suit :<\/p>\n<ul>\n<li><strong>Certification<\/strong><br \/>\nLes candidats \u00e0 l\u2019examen d\u2019adh\u00e9sion \u00e0 titre de fellow sont membres du CCPM ou leur comp\u00e9tence est certifi\u00e9e par un autre organisme de certification reconnu.<\/li>\n<li><strong>Exp\u00e9rience professionnelle<\/strong><br \/>\nLes candidats \u00e0 l\u2019examen d\u2019adh\u00e9sion \u00e0 titre de fellow poss\u00e8dent au minimum l\u2019\u00e9quivalent de sept ans d\u2019exp\u00e9rience professionnelle \u00e0 temps plein en physique appliqu\u00e9e \u00e0 la m\u00e9decine aupr\u00e8s des patients.<\/li>\n<li><strong>R\u00e9f\u00e9rence<\/strong><br \/>\nTrois lettres de recommandation satisfaisantes sont fournies, chacune attestant que le candidat r\u00e9pond aux exigences en mati\u00e8re d\u2019exp\u00e9rience et qu\u2019il respecte le Code d&rsquo;\u00e9thique du CCPM. Deux d\u2019entre elle doivent \u00eatre r\u00e9dig\u00e9es par des physiciens m\u00e9dicaux. Au moins un physicien m\u00e9dical r\u00e9pondant doit \u00eatre membre du CCPM avec le titre de fellow ou, \u00e0 la discr\u00e9tion du Conseil d\u2019administration du CCPM, \u00eatre agr\u00e9\u00e9 par un autre organisme de certification reconnu. La troisi\u00e8me lettre doit \u00eatre pr\u00e9sent\u00e9e par un m\u00e9decin certifi\u00e9 par le Conseil d\u2019administration. Les lettres doivent \u00eatre r\u00e9dig\u00e9es par des personnes qui ont travaill\u00e9 avec le candidat au cours des cinq derni\u00e8res ann\u00e9es et qui sont directement famili\u00e8res avec l&rsquo;exp\u00e9rience clinique de ce dernier.<\/li>\n<li><strong>Lien canadien<\/strong><br \/>\nLe processus de certification du CCPM s\u2019adresse aux Canadiens. Les candidats sont tenus de satisfaire \u00e0 au moins l\u2019un des crit\u00e8res suivants: \u00eatre un citoyen canadien; \u00eatre r\u00e9sident du Canada; avoir obtenu un dipl\u00f4me universitaire au Canada; avoir compl\u00e9t\u00e9 un programme de r\u00e9sidence en physique m\u00e9dicale au Canada; ou avoir re\u00e7u une offre d\u2019emploi confirm\u00e9e au Canada. Dans des cas exceptionnels, les candidats qui ne satisfont \u00e0 aucun de ces crit\u00e8res peuvent \u00eatre admissibles \u00e0 la discr\u00e9tion du Conseil. Dans ces circonstances, des droits de pr\u00e9sentation de la demande pour non-Canadiens qui \u00e9quivalent \u00e0 trois fois les droits habituels de pr\u00e9sentation d\u2019une demande sont exig\u00e9s.<\/li>\n<\/ul>\n","id":"","column_width":"full","customized_column_width":100,"background_type":"none","background_image":false,"background_color":"","padding":{"top":"none","bottom":"standard","left":"standard","right":"standard"}},{"acf_fc_layout":"separator","color":"#0057AC","spacing":"sm"},{"acf_fc_layout":"one_col","content":"<h2>Processus d\u2019admission<\/h2>\n<h4><span style=\"color: #ff8b00;\">Instructions<\/span><\/h4>\n<p>Note : Tous les documents et les formulaires requis sont disponibles sous l\u2019onglet \u00ab <a href=\"https:\/\/ccpm.ca\/fr\/documents-de-fellowship\/\">Formulaires de demande d\u2019adh\u00e9sion<\/a> \u00bb.<\/p>\n<p>Aux fins de la d\u00e9termination de son admissibilit\u00e9 \u00e0 se pr\u00e9senter \u00e0 l\u2019examen d\u2019adh\u00e9sion \u00e0 titre de fellow du CCPM, chaque candidat doit soumettre les documents suivant au Bureau du CCPM au plus tard \u00e0 la date indiqu\u00e9e dans la section<br \/>\n\u00ab <a href=\"https:\/\/ccpm.ca\/fr\/exam-schedule-and-fees\/\" target=\"_blank\" rel=\"noopener\">Calendrier d&rsquo;examen et frais<\/a> \u00bb du site Web du CCPM :<\/p>\n<ol>\n<li>Un Formulaire de demande d\u2019adh\u00e9sion \u00e0 titre de fellow rempli.<\/li>\n<li>Un curriculum vitae \u00e0 jour qui indique votre exp\u00e9rience en mati\u00e8re de leadership et vos domaines d\u2019excellence. Cela devrait comprendre ce qui suit :\n<ul>\n<li>L\u2019exp\u00e9rience professionnelle au complet ;<\/li>\n<li>Les expos\u00e9s et les publications ;<\/li>\n<li>Le service ;<\/li>\n<li>L\u2019exp\u00e9rience en mati\u00e8re de supervision ;<\/li>\n<li>Les subventions.<\/li>\n<\/ul>\n<\/li>\n<li>Une d\u00e9claration personnelle &#8211; jusqu&rsquo;\u00e0 quatre (4) pages &#8211; dans le but de d\u00e9crire d&rsquo;autres domaines de contribution \u00e0 la clinique locale, au programme universitaire ou \u00e0 la profession en g\u00e9n\u00e9ral. Ce document a pour but de permettre aux candidats de d\u00e9montrer leur contribution \u00e0 la clinique ou \u00e0 la profession de mani\u00e8re plus d\u00e9taill\u00e9e que dans leur curriculum vitae. La d\u00e9claration personnelle est l&rsquo;occasion de convaincre le jury de l&rsquo;importance des activit\u00e9s professionnelles en dehors du projet soumis et de d\u00e9montrer le leadership du candidat.<\/li>\n<li>Trois lettres de recommandation conform\u00e9ment \u00e0 ce qui est indiqu\u00e9 dans la section relative \u00e0 l\u2019admissibilit\u00e9 \u00e0 l\u2019adh\u00e9sion \u00e0 titre de fellow et dans les R\u00e8glements du CCPM. Le candidat doit fournir une copie du Formulaire d\u2019\u00e9valuation des r\u00e9pondants pour l\u2019adh\u00e9sion \u00e0 titre de fellow, de la Lettre d\u2019accompagnement des r\u00e9pondants pour l\u2019adh\u00e9sion \u00e0 titre de fellow, de la <a href=\"https:\/\/ccpm.ca\/wp-content\/uploads\/sites\/2\/2025\/10\/CCPM-Regulations-July-2025.pdf\" target=\"_blank\" rel=\"noopener\">Section E des R\u00e8glements du Coll\u00e8ge<\/a> et des <a href=\"https:\/\/ccpm.ca\/wp-content\/uploads\/sites\/2\/2025\/05\/Normes-dexamen.pdf\" target=\"_blank\" rel=\"noopener\">Normes d&rsquo;examen d\u2019adh\u00e9sion \u00e0 titre de fellow<\/a> \u00e0 chacun des r\u00e9pondants, ainsi qu\u2019une copie de son curriculum vitae et de sa demande d\u2019adh\u00e9sion. Les r\u00e9pondants devront \u00e9tudier la demande d\u2019adh\u00e9sion, remplir le formulaire d\u2019\u00e9valuation et transmettre directement le formulaire et une copie de la demande d\u2019adh\u00e9sion \u00e0 l\u2019attention du registraire au bureau du CCPM. Assurez-vous d\u2019informer les r\u00e9pondants de la date limite de r\u00e9ception des demandes d\u2019adh\u00e9sion afin que tous les documents parviennent au registraire \u00e0 temps.<\/li>\n<li>Les candidats \u00e0 l\u2019adh\u00e9sion en tant que fellow qui ne sont pas MCCPM (si vous avez plut\u00f4t par exemple la certification de l\u2019American Board of Radiology (ABR) ou une autre certification semblable) doivent demander \u00e0 leur universit\u00e9 de faire parvenir une preuve d\u2019obtention de leur plus haut grade directement au bureau de l\u2019OCPM\/du CCPM sous la forme d\u2019une copie de leur dossier complet de scolarit\u00e9 ou d\u2019une copie certifi\u00e9e de leur dipl\u00f4me.<\/li>\n<\/ol>\n<p>La demande d\u2019adh\u00e9sion originale doit \u00eatre transmise au registraire \u00e0 l\u2019adresse indiqu\u00e9e sur le formulaire de demande d\u2019adh\u00e9sion, accompagn\u00e9e d\u2019un ch\u00e8que ou d\u2019un mandat (voir le Calendrier des examens pour conna\u00eetre les frais courants) payable \u00e0 l\u2019ordre du CCPM. (La demande d\u2019adh\u00e9sion originale envoy\u00e9e directement par le candidat et les copies envoy\u00e9es par les r\u00e9pondants forment la documentation n\u00e9cessaire \u00e0 l\u2019\u00e9valuation de la demande.) Vous pouvez demander l\u2019adh\u00e9sion \u00e0 la fois \u00e0 titre de membre et \u00e0 titre de fellow au cours d\u2019une m\u00eame ann\u00e9e, mais attendez dans ce cas d\u2019avoir r\u00e9ussi l\u2019examen d\u2019adh\u00e9sion \u00e0 titre de membre avant de faire parvenir le paiement de vos frais de demande d\u2019adh\u00e9sion \u00e0 titre de fellow.<\/p>\n<p>Il n\u2019y a qu\u2019un seul examen d\u2019adh\u00e9sion \u00e0 titre de fellow par ann\u00e9e. Il a habituellement lieu sur les lieux de la Rencontre scientifique annuelle de l\u2019OCUPM et du CCPM, dans les jours qui pr\u00e9c\u00e8dent imm\u00e9diatement le d\u00e9but de celle-ci. Consultez le Calendrier des examens pour conna\u00eetre les dates exactes.<\/p>\n<p>Habituellement, les candidats seront avis\u00e9s de leur admissibilit\u00e9 \u00e0 se pr\u00e9senter \u00e0 l\u2019examen dans un d\u00e9lai de six semaines apr\u00e8s la date limite de pr\u00e9sentation des demandes d\u2019adh\u00e9sion \u00e0 titre de fellow.<\/p>\n<p>Une fois la demande d\u2019adh\u00e9sion approuv\u00e9e, tout avis de retrait doit \u00eatre adress\u00e9 \u00e0 <a href=\"mailto:chiefexaminer@ccpm.ca\" target=\"_blank\" rel=\"noopener\">l\u2019Examinateur en chef<\/a> le plus rapidement possible. Voir le <a href=\"https:\/\/ccpm.ca\/fr\/exam-schedule-and-fees\/\" target=\"_blank\" rel=\"noopener\">calendrier des frais<\/a> pour les remboursements possibles.<\/p>\n<p>Les candidats peuvent faire appel d\u2019une d\u00e9cision de rejet de la demande d\u2019adh\u00e9sion aupr\u00e8s du Conseil d\u2019administration.<\/p>\n<p>Afin de conserver le statut de membre ou de fellow du Coll\u00e8ge, l\u2019adh\u00e9sion \u00e0 l\u2019Organisation canadienne des physiciens m\u00e9dicaux ne doit pas expirer.<\/p>\n<p>Les candidats d\u2019outre-mer doivent assumer tous les co\u00fbts additionnels li\u00e9s \u00e0 l\u2019examen d\u2019adh\u00e9sion, comme les frais d\u2019envoi du certificat encadr\u00e9 vers une destination outre-mer.<br \/>\n\u00c0 l\u2019approbation du comit\u00e9 de d\u00e9livrance des titres, le candidat doit fournir ensuite les documents d\u00e9crits dans le <a href=\"https:\/\/ccpm.ca\/wp-content\/uploads\/sites\/2\/2025\/12\/FELLOWSHIP-EXAM-DOCUMENTATION-REQUIREMENTS_final-FR.pdf\" target=\"_blank\" rel=\"noopener\">Processus d\u2019examen d\u2019adh\u00e9sion \u00e0 titre de fellow<\/a> pour la date limite indiqu\u00e9e par le registraire au Bureau du CCPM.<\/p>\n","id":"admission","column_width":"full","customized_column_width":100,"background_type":"none","background_image":false,"background_color":"","padding":{"top":"none","bottom":"standard","left":"standard","right":"standard"}},{"acf_fc_layout":"separator","color":"#0057AC","spacing":"sm"},{"acf_fc_layout":"one_col","content":"<h2>Processus d\u2019examen d\u2019adh\u00e9sion<\/h2>\n<h4><span style=\"color: #ff8b00;\">L\u2019examen oral durera environ 90 minutes.<\/span><\/h4>\n<ol>\n<li>Les 15 premi\u00e8res minutes seront consacr\u00e9es \u00e0 la pr\u00e9sentation par le candidat de son projet principal, d\u00e9crite conform\u00e9ment aux <a href=\"https:\/\/ccpm.ca\/wp-content\/uploads\/sites\/2\/2025\/12\/FELLOWSHIP-EXAM-DOCUMENTATION-REQUIREMENTS_final-FR.pdf\" target=\"_blank\" rel=\"noopener\">documents requis pour l&rsquo;examen d\u2019adh\u00e9sion \u00e0 titre de fellow<\/a>. Les candidats seront \u00e9valu\u00e9s \u00e0 la fois en ce qui concerne la qualit\u00e9 et le contenu de leur pr\u00e9sentation. Veuillez noter que vous ne pourrez pas d\u00e9passer le temps allou\u00e9 pour cette partie de l\u2019examen.<\/li>\n<li>Elle sera suivie d\u2019une p\u00e9riode de questions de 30 minutes. Les questions permettront d\u2019\u00e9valuer le projet ainsi que l\u2019excellence et le leadership du candidat en se basant sur la description du projet principal et le curriculum vit\u00e6. Un projecteur multim\u00e9dia sera disponible pour la pr\u00e9sentation. Un ordinateur portable sera \u00e9galement mis \u00e0 votre disposition; vous pourrez aussi utiliser le v\u00f4tre si vous pr\u00e9f\u00e9rez.<\/li>\n<li>La deuxi\u00e8me partie de l\u2019examen sera une s\u00e9ance de questions-r\u00e9ponses communes \u00e0 tous les candidats de votre sp\u00e9cialit\u00e9. Les sujets des questions porteront sur: la radioprotection (ou la s\u00e9curit\u00e9 en IRM); les enjeux cliniques; les technologies \u00e9mergentes; les enjeux l\u00e9gaux et \u00e9thiques et l\u2019analyse de rentabilit\u00e9; et les modalit\u00e9s concurrentes. Les membres du comit\u00e9 d\u2019examen vous poseront des questions li\u00e9es \u00e0 ces sujets. Vous pouvez consulter les renseignements sur l\u2019\u00e9valuation dans les <a href=\"https:\/\/ccpm.ca\/wp-content\/uploads\/sites\/2\/2025\/05\/Normes-dexamen.pdf\" target=\"_blank\" rel=\"noopener\">Normes d\u2019examen d\u2019adh\u00e9sion \u00e0 titre de fellow<\/a>.<\/li>\n<\/ol>\n<p>L\u2019examen de FCCPM a pour objet de vous permettre de d\u00e9montrer votre excellence et votre leadership dans votre profession, ainsi que la connaissance approfondie que vous avez acquise dans la pratique votre domaine de la physique m\u00e9dicale. L\u2019examen tiendra compte non seulement du contenu de vos r\u00e9ponses, mais aussi de la mani\u00e8re dont vous aurez offert votre pr\u00e9sentation et de votre capacit\u00e9 de d\u00e9montrer un raisonnement solide et judicieux.<\/p>\n<p><a class=\"btn-orange btn\" href=\"https:\/\/ccpm.ca\/wp-content\/uploads\/sites\/2\/2025\/05\/Guide-examen-a-titre-de-fellow.pdf\" target=\"_blank\" rel=\"noopener\">Guide de pr\u00e9paration \u00e0 l&rsquo;examen \u00e0 titre de fellow<\/a><\/p>\n","id":"examen","column_width":"full","customized_column_width":100,"background_type":"none","background_image":false,"background_color":"","padding":{"top":"none","bottom":"standard","left":"none","right":"standard"}},{"acf_fc_layout":"two_col","content_col_1":"<h4 style=\"text-align: center;\">Adh\u00e9rer<\/h4>\n<p>&nbsp;<\/p>\n<p style=\"text-align: center;\"><a class=\"btn-orange-white btn\" href=\"https:\/\/ccpm.ca\/my-account\/\">Go to<\/a><\/p>\n","content_col_2":"<h4 style=\"text-align: center;\">Calendrier des examens et frais<\/h4>\n<p>&nbsp;<\/p>\n<p style=\"text-align: center;\"><a class=\"btn-orange-white btn\" href=\"https:\/\/ccpm.ca\/fr\/exam-schedule-and-fees\/\" target=\"_blank\" rel=\"noopener\">Aller \u00e0<\/a><\/p>\n","id":"","column_width":"tier1","col1_width":"","col2_width":"","background_type":"color","apply_background_options_to":"col","background_image_col1":false,"background_image_col2":false,"background_color_col1":"rgb(0,135,186)","background_color_col2":"rgb(0,87,172)","padding":{"top":"none","bottom":"large","left":"standard","right":"standard"}}],"current_step":"documents"},"_links":{"self":[{"href":"https:\/\/ccpm.ca\/fr\/wp-json\/wp\/v2\/pages\/1540","targetHints":{"allow":["GET"]}}],"collection":[{"href":"https:\/\/ccpm.ca\/fr\/wp-json\/wp\/v2\/pages"}],"about":[{"href":"https:\/\/ccpm.ca\/fr\/wp-json\/wp\/v2\/types\/page"}],"author":[{"embeddable":true,"href":"https:\/\/ccpm.ca\/fr\/wp-json\/wp\/v2\/users\/1"}],"replies":[{"embeddable":true,"href":"https:\/\/ccpm.ca\/fr\/wp-json\/wp\/v2\/comments?post=1540"}],"version-history":[{"count":11,"href":"https:\/\/ccpm.ca\/fr\/wp-json\/wp\/v2\/pages\/1540\/revisions"}],"predecessor-version":[{"id":11921,"href":"https:\/\/ccpm.ca\/fr\/wp-json\/wp\/v2\/pages\/1540\/revisions\/11921"}],"wp:attachment":[{"href":"https:\/\/ccpm.ca\/fr\/wp-json\/wp\/v2\/media?parent=1540"}],"curies":[{"name":"wp","href":"https:\/\/api.w.org\/{rel}","templated":true}]}}