{"id":1683,"date":"2025-05-05T13:49:24","date_gmt":"2025-05-05T17:49:24","guid":{"rendered":"https:\/\/ccpm.adminccpm.devmeb.ca\/exam-schedule-and-fees\/"},"modified":"2025-11-27T12:08:39","modified_gmt":"2025-11-27T17:08:39","slug":"exam-schedule-and-fees","status":"publish","type":"page","link":"https:\/\/ccpm.ca\/fr\/exam-schedule-and-fees\/","title":{"rendered":"Exam Schedule and Fees"},"content":{"rendered":"","protected":false},"excerpt":{"rendered":"","protected":false},"author":3,"featured_media":0,"parent":0,"menu_order":0,"comment_status":"closed","ping_status":"closed","template":"","meta":{"_acf_changed":false,"footnotes":""},"class_list":["post-1683","page","type-page","status-publish","hentry"],"acf":{"content":[{"acf_fc_layout":"header","title":"<h1>Calendrier des examens et frais<\/h1>\n","add_important_dates_block":false,"important_dates":false,"background_image":false},{"acf_fc_layout":"one_col_toggle","title":"Certification et renouvellement","content":"<p><span style=\"color: #0057ac;\"><strong>2025 renouvellement :\u00a0<\/strong><\/span><\/p>\n<p>25 ao\u00fbt 2025 : Ouverture des soumissions de cr\u00e9dit<\/p>\n<p>30 septembre 2025 : Date limite de soumission des cr\u00e9dits<\/p>\n<p><span style=\"color: #0057ac;\"><strong>2026 Examens d\u2019adh\u00e9sion des membres :<\/strong><\/span><\/p>\n<p>Comme toujours, l&rsquo;examen \u00e9crit aura lieu au Canada seulement.<\/p>\n<p><del>5 d\u00e9cembre 2025<\/del> <span style=\"color: #ff8b00;\"><strong>date limite prolong\u00e9e 15 d\u00e9cembre 2025<\/strong><\/span> : Date limite de r\u00e9ception des candidatures pour l\u2019examen d\u2019adh\u00e9sion<\/p>\n<p>7 mars 2025 : Examen \u00e9crit<\/p>\n<p>2-3 mai 2026 | Centre de simulation et d&rsquo;apprentissage interactif Steinberg, Montr\u00e9al, Qu\u00e9bec : Examens oraux<\/p>\n<p>&nbsp;<\/p>\n<h4><span style=\"color: #0057ac;\">Frais :\u00a0<\/span><\/h4>\n<table style=\"height: 536px;\" width=\"1161\">\n<tbody>\n<tr>\n<th style=\"text-align: left;\">Objet<\/th>\n<th style=\"text-align: left;\">Prix<\/th>\n<\/tr>\n<tr>\n<td><strong>Frais de renouvellement de la certification \u00e0 titre de membre\u00a0<\/strong><\/td>\n<td>335 $<\/td>\n<\/tr>\n<tr>\n<td style=\"text-align: left;\">Frais pour le traitement des demandes de renouvellement de la certification apr\u00e8s la date limite.<\/td>\n<td style=\"text-align: left;\">475 $<\/td>\n<\/tr>\n<tr>\n<td style=\"text-align: left;\"><strong>Programme de transition\u00a0<\/strong><\/td>\n<td style=\"text-align: left;\">1 330 $<\/td>\n<\/tr>\n<tr>\n<td style=\"text-align: left;\"><strong>Frais de l\u2019examen d\u2019adh\u00e9sion \u00e0 titre de membre (\u00e9crit et oral)<\/strong><\/td>\n<td style=\"text-align: left;\">825 $<\/td>\n<\/tr>\n<tr>\n<td style=\"text-align: left;\">Frais pour l\u2019examen oral seulement.<\/td>\n<td style=\"text-align: left;\">610 $<\/td>\n<\/tr>\n<tr>\n<td style=\"text-align: left;\">Remboursement si la demande n\u2019est pas approuv\u00e9e ou si elle est retir\u00e9e au moins quatre semaines avant l\u2019examen \u00e9crit.<\/td>\n<td style=\"text-align: left;\">-610 $<\/td>\n<\/tr>\n<tr>\n<td style=\"text-align: left;\">Remboursement si le candidat \u00e9choue \u00e0 l\u2019examen \u00e9crit ou si la demande est retir\u00e9e moins de quatre semaines avant l\u2019examen \u00e9crit.<\/td>\n<td style=\"text-align: left;\">-415 $<\/td>\n<\/tr>\n<tr>\n<td style=\"text-align: left;\">Remboursement si le candidat se retire de l\u2019examen oral au moins quatre semaines avant l\u2019examen.<\/td>\n<td style=\"text-align: left;\">-415 $<\/td>\n<\/tr>\n<tr>\n<td style=\"text-align: left;\">Remboursement si la demande est retir\u00e9e moins de quatre semaines avant l\u2019examen oral.<\/td>\n<td style=\"text-align: left;\">-0 $<\/td>\n<\/tr>\n<tr>\n<td style=\"text-align: left;\"><strong>Encadrement des certificats\u00a0<\/strong><\/td>\n<td style=\"text-align: left;\">170 $<\/td>\n<\/tr>\n<tr>\n<td style=\"text-align: left;\">Frais d&rsquo;encadrement du certificat<\/td>\n<td style=\"text-align: left;\"><\/td>\n<\/tr>\n<tr>\n<td style=\"text-align: left;\"><strong>Remplacement des certificats<\/strong><\/td>\n<td style=\"text-align: left;\">75 $<\/td>\n<\/tr>\n<tr>\n<td style=\"text-align: left;\">Frais pour l\u2019obtention d\u2019un certificat de remplacement (non encadr\u00e9) d\u2019un certificat perdu ou endommag\u00e9.<\/td>\n<td style=\"text-align: left;\"><\/td>\n<\/tr>\n<tr>\n<td style=\"text-align: left;\"><\/td>\n<td style=\"text-align: left;\"><\/td>\n<\/tr>\n<tr>\n<td style=\"text-align: left;\"><\/td>\n<td style=\"text-align: left;\"><\/td>\n<\/tr>\n<\/tbody>\n<\/table>\n<p>&nbsp;<\/p>\n<p>&nbsp;<\/p>\n","id":"","title_color":"","column_width":"full","customized_column_width":100,"background_type":"none","background_image":false,"background_color":"rgb(243,243,243)","padding":{"top":"standard","bottom":"none","left":"standard","right":"standard"}},{"acf_fc_layout":"separator","color":"#0057AC","spacing":"sm"},{"acf_fc_layout":"one_col_toggle","title":"Titre de fellow","content":"<p><del>9 janvier 2026\u00a0<\/del> <strong><span style=\"color: #ff8b00;\">date limite prolong\u00e9e 30 janvier 2026<\/span><\/strong> : Date limite de r\u00e9ception des candidatures pour l\u2019examen d\u2019adh\u00e9sion.<br \/>\n<del>18 mai 2026<\/del> <span style=\"color: #ff8b00;\"><strong>date limite prolong\u00e9e 1 juin 2026:<\/strong><\/span> Date limite de r\u00e9ception des documents requis pour l&rsquo;examen d\u2019adh\u00e9sion \u00e0 titre de fellow<br \/>\njuillet 2026 : Examens oraux pour le titre de FCCPM<\/p>\n<h4><span style=\"color: #0057ac;\">Frais :\u00a0<\/span><\/h4>\n<table style=\"height: 536px;\" width=\"1161\">\n<tbody>\n<tr>\n<th style=\"text-align: left;\">Objet<\/th>\n<th style=\"text-align: left;\">Prix<\/th>\n<\/tr>\n<tr>\n<td><strong>Frais de l\u2019examen d\u2019adh\u00e9sion \u00e0 titre de fellow\u00a0<\/strong><\/td>\n<td>945 $<\/td>\n<\/tr>\n<tr>\n<td style=\"text-align: left;\">Remboursement si la demande n\u2019est pas approuv\u00e9e ou si elle est retir\u00e9e au moins quatre semaines avant l\u2019examen<\/td>\n<td style=\"text-align: left;\">-755 $<\/td>\n<\/tr>\n<tr>\n<td style=\"text-align: left;\">Remboursement si la demande est retir\u00e9e moins de quatre semaines avant l\u2019examen<\/td>\n<td style=\"text-align: left;\">-0 $<\/td>\n<\/tr>\n<tr>\n<td style=\"text-align: left;\"><strong>Encadrement des certificats<\/strong><\/td>\n<td style=\"text-align: left;\">170 $<\/td>\n<\/tr>\n<tr>\n<td style=\"text-align: left;\">Frais d&rsquo;encadrement du certificat<\/td>\n<td style=\"text-align: left;\"><\/td>\n<\/tr>\n<tr>\n<td style=\"text-align: left;\"><strong>Remplacement des certificats<\/strong><\/td>\n<td style=\"text-align: left;\">75 $<\/td>\n<\/tr>\n<tr>\n<td style=\"text-align: left;\">Frais pour l\u2019obtention d\u2019un certificat de remplacement (non encadr\u00e9) d\u2019un certificat perdu ou endommag\u00e9<\/td>\n<td style=\"text-align: left;\"><\/td>\n<\/tr>\n<tr>\n<td style=\"text-align: left;\"><\/td>\n<td style=\"text-align: left;\"><\/td>\n<\/tr>\n<tr>\n<td style=\"text-align: left;\"><\/td>\n<td style=\"text-align: left;\"><\/td>\n<\/tr>\n<\/tbody>\n<\/table>\n<p>&nbsp;<\/p>\n<p>&nbsp;<\/p>\n","id":"","title_color":"","column_width":"full","customized_column_width":100,"background_type":"none","background_image":false,"background_color":"","padding":{"top":"standard","bottom":"none","left":"standard","right":"standard"}},{"acf_fc_layout":"separator","color":"#0057AC","spacing":"sm"},{"acf_fc_layout":"one_col_toggle","title":"Mammographie","content":"<p><span style=\"color: #0057ac;\"><strong>Renouvellement de l\u2019accr\u00e9ditation en physique de la mammographie \u2013 2025 :<\/strong><\/span><br \/>\n8 septembre 2024 : Ouverture de la p\u00e9riode de soumission des cr\u00e9dits<br \/>\n10 octobre 2025 : Date limite de soumission des cr\u00e9dits<\/p>\n<p><span style=\"color: #0057ac;\"><strong>Examen daccr\u00e9ditation en physique de la mammographie :<\/strong><\/span><br \/>\n5 d\u00e9cembre 2025 : Date limite de r\u00e9ception des candidatures pour l\u2019examen d\u2019accr\u00e9ditation<br \/>\n2-3 mai 2026 | Centre de simulation et d&rsquo;apprentissage interactif Steinberg, Montr\u00e9al, Qu\u00e9bec : Examens oraux<\/p>\n<h4><span style=\"color: #0057ac;\">Frais :<\/span><\/h4>\n<table style=\"height: 536px;\" width=\"1161\">\n<tbody>\n<tr>\n<th style=\"text-align: left;\">Objet<\/th>\n<th style=\"text-align: left;\">Prix<\/th>\n<\/tr>\n<tr>\n<td><strong>Frais pour le renouvellement de l\u2019accr\u00e9ditation en physique de la mammographie\u00a0<\/strong><\/td>\n<td>335 $<\/td>\n<\/tr>\n<tr>\n<td style=\"text-align: left;\">Frais pour le traitement des demandes de renouvellement de l\u2019accr\u00e9ditation apr\u00e8s la date limite<\/td>\n<td style=\"text-align: left;\">475 $<\/td>\n<\/tr>\n<tr>\n<td style=\"text-align: left;\"><strong>Frais pour l\u2019accr\u00e9ditation en physique de la mammographie<\/strong><\/td>\n<td style=\"text-align: left;\">825 $<\/td>\n<\/tr>\n<tr>\n<td style=\"text-align: left;\">Remboursement si la demande n\u2019est pas approuv\u00e9e ou si elle est retir\u00e9e au moins quatre semaines avant l\u2019examen.<\/td>\n<td style=\"text-align: left;\">-610 $<\/td>\n<\/tr>\n<tr>\n<td style=\"text-align: left;\">Remboursement si la demande est retir\u00e9e moins de quatre semaines avant l\u2019examen.<\/td>\n<td style=\"text-align: left;\">-0 $<\/td>\n<\/tr>\n<tr>\n<td style=\"text-align: left;\"><strong>Encadrement des certificats<\/strong><\/td>\n<td style=\"text-align: left;\">170 $<\/td>\n<\/tr>\n<tr>\n<td style=\"text-align: left;\">Frais d&rsquo;encadrement du certificat<\/td>\n<td style=\"text-align: left;\"><\/td>\n<\/tr>\n<tr>\n<td style=\"text-align: left;\"><strong>Remplacement des certificats\u00a0<\/strong><\/td>\n<td style=\"text-align: left;\">75 $<\/td>\n<\/tr>\n<tr>\n<td style=\"text-align: left;\">Frais pour l\u2019obtention d\u2019un certificat de remplacement (non encadr\u00e9) d\u2019un certificat perdu ou endommag\u00e9<\/td>\n<td style=\"text-align: left;\"><\/td>\n<\/tr>\n<\/tbody>\n<\/table>\n<p>&nbsp;<\/p>\n<p>&nbsp;<\/p>\n","id":"","title_color":"","column_width":"full","customized_column_width":100,"background_type":"none","background_image":false,"background_color":"","padding":{"top":"standard","bottom":"standard","left":"standard","right":"standard"}}],"current_step":"documents"},"_links":{"self":[{"href":"https:\/\/ccpm.ca\/fr\/wp-json\/wp\/v2\/pages\/1683","targetHints":{"allow":["GET"]}}],"collection":[{"href":"https:\/\/ccpm.ca\/fr\/wp-json\/wp\/v2\/pages"}],"about":[{"href":"https:\/\/ccpm.ca\/fr\/wp-json\/wp\/v2\/types\/page"}],"author":[{"embeddable":true,"href":"https:\/\/ccpm.ca\/fr\/wp-json\/wp\/v2\/users\/3"}],"replies":[{"embeddable":true,"href":"https:\/\/ccpm.ca\/fr\/wp-json\/wp\/v2\/comments?post=1683"}],"version-history":[{"count":6,"href":"https:\/\/ccpm.ca\/fr\/wp-json\/wp\/v2\/pages\/1683\/revisions"}],"predecessor-version":[{"id":11637,"href":"https:\/\/ccpm.ca\/fr\/wp-json\/wp\/v2\/pages\/1683\/revisions\/11637"}],"wp:attachment":[{"href":"https:\/\/ccpm.ca\/fr\/wp-json\/wp\/v2\/media?parent=1683"}],"curies":[{"name":"wp","href":"https:\/\/api.w.org\/{rel}","templated":true}]}}