{"id":1688,"date":"2025-05-05T15:06:13","date_gmt":"2025-05-05T19:06:13","guid":{"rendered":"https:\/\/ccpm.adminccpm.devmeb.ca\/ccpm-exam-booklets-and-preparation-guides\/"},"modified":"2025-09-26T14:25:46","modified_gmt":"2025-09-26T18:25:46","slug":"ccpm-exam-booklets-and-preparation-guides","status":"publish","type":"page","link":"https:\/\/ccpm.ca\/fr\/ccpm-exam-booklets-and-preparation-guides\/","title":{"rendered":"CCPM Exam Booklets and Preparation Guides"},"content":{"rendered":"","protected":false},"excerpt":{"rendered":"","protected":false},"author":3,"featured_media":0,"parent":0,"menu_order":0,"comment_status":"closed","ping_status":"closed","template":"","meta":{"_acf_changed":false,"footnotes":""},"class_list":["post-1688","page","type-page","status-publish","hentry"],"acf":{"content":[{"acf_fc_layout":"header","title":"<h1>Carnets d&rsquo;examen et guides de pr\u00e9paration<\/h1>\n","add_important_dates_block":false,"important_dates":false,"background_image":false},{"acf_fc_layout":"one_col","content":"<p>Les carnets d&rsquo;examen du Coll\u00e8ge canadien des physiciens en m\u00e9decine sont autoris\u00e9s par une licence <a href=\"https:\/\/creativecommons.org\/licenses\/by-nc-sa\/2.5\/ca\/legalcode.fr\" target=\"_blank\" rel=\"noopener\">Creative Commons Attribution-non-commerciale-Partage \u00e0 l&rsquo;identique 2.5 Canada<\/a>.<\/p>\n<ul>\n<li><a href=\"https:\/\/ccpm.ca\/wp-content\/uploads\/sites\/2\/2025\/09\/Radiation-Oncology-Physics_Examination-Booklet_FR-2025.pdf\" target=\"_blank\" rel=\"noopener\">Physique de la radio-oncologie<\/a><\/li>\n<li><a href=\"https:\/\/ccpm.ca\/wp-content\/uploads\/sites\/2\/2025\/09\/Diagnostic-Radiology-Physics_Examination-Booklet_FR-2025.pdf\" target=\"_blank\" rel=\"noopener\">Physique de la radiologie diagnostique<\/a><\/li>\n<li><a href=\"https:\/\/ccpm.ca\/wp-content\/uploads\/sites\/2\/2025\/09\/Magentic-Resonance-Imaging-Physics_Examination-Booklet_FR-2025.pdf\" target=\"_blank\" rel=\"noopener\">Imagerie par r\u00e9sonance magn\u00e9tique<\/a><\/li>\n<li><a href=\"https:\/\/ccpm.ca\/wp-content\/uploads\/sites\/2\/2025\/09\/Nuclear-Medicine-Physics_Examination-Booklet_FR-2025.pdf\" target=\"_blank\" rel=\"noopener\">Physique de la m\u00e9decine nucl\u00e9aire<\/a><\/li>\n<\/ul>\n<p><a href=\"https:\/\/ccpm.ca\/wp-content\/uploads\/sites\/2\/2025\/05\/Preparation-Examen-Ecrit.pdf\" target=\"_blank\" rel=\"noopener\">Guide de pr\u00e9paration \u00e9crite \u00e0 l&rsquo;examen d&rsquo;adh\u00e9sion<\/a><br \/>\n<a href=\"https:\/\/ccpm.ca\/wp-content\/uploads\/sites\/2\/2025\/05\/Preparation-Examen-Orale.pdf\" target=\"_blank\" rel=\"noopener\">Guide de pr\u00e9paration orale \u00e0 l&rsquo;examen d&rsquo;adh\u00e9sion<\/a><\/p>\n","id":"","column_width":"full","customized_column_width":100,"background_type":"none","background_image":false,"background_color":"","padding":{"top":"none","bottom":"sm","left":"standard","right":"standard"}},{"acf_fc_layout":"one_col","content":"<h4><span style=\"color: #0057ac;\">Adh\u00e9sion de membre du CCPM &#8211; Examen \u00e9crit &#8211; S\u00e9lection de ressources<\/span><\/h4>\n<p><a href=\"https:\/\/ccpm.ca\/wp-content\/uploads\/sites\/2\/2025\/05\/Recueil-de-notes.pdf\" target=\"_blank\" rel=\"noopener\">Partie I Physique m\u00e9dicale g\u00e9n\u00e9rale &#8211; Recueil de notes de cours<\/a><\/p>\n<p><a href=\"https:\/\/ccpm.ca\/wp-content\/uploads\/sites\/2\/2025\/05\/Partie-2.pdf\" target=\"_blank\" rel=\"noopener\">Partie II Section sur la radioprotection (pour les sp\u00e9cialit\u00e9s en radio-oncologie, m\u00e9decine nucl\u00e9aire et radiologie diagnostique) &#8211; Recueil de notes de cours<\/a><\/p>\n<p><a href=\"https:\/\/ccpm.ca\/wp-content\/uploads\/sites\/2\/2025\/05\/Partie-2-MRI.pdf\" target=\"_blank\" rel=\"noopener\">Partie II MRI Safety &#8211; Recueil de notes de cours (anglais seulement)<\/a><\/p>\n<p><a href=\"https:\/\/ccpm.ca\/wp-content\/uploads\/sites\/2\/2025\/05\/Avant-propos-historiques.pdf\" target=\"_blank\" rel=\"noopener\">Avant-propos historiques<\/a><\/p>\n","id":"","column_width":"full","customized_column_width":100,"background_type":"none","background_image":false,"background_color":"","padding":{"top":"none","bottom":"large","left":"standard","right":"standard"}}],"current_step":"documents"},"_links":{"self":[{"href":"https:\/\/ccpm.ca\/fr\/wp-json\/wp\/v2\/pages\/1688","targetHints":{"allow":["GET"]}}],"collection":[{"href":"https:\/\/ccpm.ca\/fr\/wp-json\/wp\/v2\/pages"}],"about":[{"href":"https:\/\/ccpm.ca\/fr\/wp-json\/wp\/v2\/types\/page"}],"author":[{"embeddable":true,"href":"https:\/\/ccpm.ca\/fr\/wp-json\/wp\/v2\/users\/3"}],"replies":[{"embeddable":true,"href":"https:\/\/ccpm.ca\/fr\/wp-json\/wp\/v2\/comments?post=1688"}],"version-history":[{"count":2,"href":"https:\/\/ccpm.ca\/fr\/wp-json\/wp\/v2\/pages\/1688\/revisions"}],"predecessor-version":[{"id":10103,"href":"https:\/\/ccpm.ca\/fr\/wp-json\/wp\/v2\/pages\/1688\/revisions\/10103"}],"wp:attachment":[{"href":"https:\/\/ccpm.ca\/fr\/wp-json\/wp\/v2\/media?parent=1688"}],"curies":[{"name":"wp","href":"https:\/\/api.w.org\/{rel}","templated":true}]}}