{"id":1914,"date":"2025-04-07T16:45:05","date_gmt":"2025-04-07T20:45:05","guid":{"rendered":"https:\/\/ccpm.adminccpm.devmeb.ca\/list-of-medical-physicists\/"},"modified":"2026-01-12T15:09:37","modified_gmt":"2026-01-12T20:09:37","slug":"list-of-medical-physicists","status":"publish","type":"page","link":"https:\/\/ccpm.ca\/fr\/list-of-medical-physicists\/","title":{"rendered":"List of medical physicists"},"content":{"rendered":"","protected":false},"excerpt":{"rendered":"","protected":false},"author":1,"featured_media":0,"parent":0,"menu_order":0,"comment_status":"closed","ping_status":"closed","template":"templates\/template-physicists-listing.php","meta":{"_acf_changed":false,"footnotes":""},"class_list":["post-1914","page","type-page","status-publish","hentry"],"acf":{"content":[{"acf_fc_layout":"header","title":"<h1><a href=\"https:\/\/ccpm.ca\/wp-content\/uploads\/sites\/2\/2026\/01\/CCPM-List-of-Certified-Members_JAN2026.pdf\"><span style=\"color: #0057ac;\">Liste courante des fellows du CCPM<\/span><\/a><\/h1>\n","add_important_dates_block":false,"important_dates":false,"background_image":false},{"acf_fc_layout":"achor_content","introduction_content":"","documentation":[{"first_level_item_title":"asdad","first_level_content":"<p>asdadasdadasdad<\/p>\n","sub_content":[{"second_level_item_title":"","second_level_content":""}]}],"id":"","padding":{"top":"none","bottom":"none","left":"none","right":"none"}}],"conference_on_radiation_control_program":"<p>La Conference of Radiation Control Program Directors, Inc. (CRCPD) est un organisme professionnel am\u00e9ricain non gouvernemental et sans but lucratif, vou\u00e9 \u00e0 la radioprotection.<\/p>\n<p>La CRCPD a cr\u00e9\u00e9 le registre des physiciens en m\u00e9decine comp\u00e9tents, le National QMP Registry, r\u00e9pertoire central de confirmation des comp\u00e9tences des physiciens en m\u00e9decine \u00e9tablies par les organismes de certification reconnus. Ce registre fournit une v\u00e9rification ind\u00e9pendante au personnel du programme de contr\u00f4le des radiations de l&rsquo;\u00c9tat et aux employeurs de la documentation \u00e9crite pr\u00e9sent\u00e9e avec les demandes d&#8217;emploi ou au programme de contr\u00f4le des radiations lors de la demande d&rsquo;une licence de mati\u00e8res radioactives ou d&rsquo;une licence ou d&rsquo;un enregistrement d&rsquo;appareil.<\/p>\n<p>Les organismes de certification suivants ont fourni les donn\u00e9es sur leurs certificats et leurs sp\u00e9cialit\u00e9s au registre :<\/p>\n<ul>\n<li><a href=\"http:\/\/www.theabr.org\/\" target=\"_blank\" rel=\"noopener\">American Board of Radiology<\/a><\/li>\n<li><a href=\"http:\/\/abmpexam.com.tempdomain.com\/\" target=\"_blank\" rel=\"noopener\">American Board of Medical Physics<\/a><\/li>\n<li><a href=\"http:\/\/www.hps1.org\/aahp\/boardweb\/abhphome.html\" target=\"_blank\" rel=\"noopener\">American Board of Health Physics<\/a><\/li>\n<li><a href=\"http:\/\/www.snm.org\/absnm\/\" target=\"_blank\" rel=\"noopener\">American Board of Science in Nuclear Medicine<\/a><\/li>\n<li>Canadian College of Physicists in Medicine<\/li>\n<\/ul>\n<p>Le registre est consultable et fournit les informations suivantes :<\/p>\n<ul>\n<li>Nom de famille<\/li>\n<li>Pr\u00e9nom<\/li>\n<li>Conseil de certification<\/li>\n<li>Sp\u00e9cialit\u00e9 du conseil<\/li>\n<li>Ville<\/li>\n<li>\u00c9tat ou province<\/li>\n<\/ul>\n","menu_label_conference":"Registre QMP de la Conference of Radiation Control Program Directors","conference_title":"Registre QMP de la Conference of Radiation Control Program Directors","current_step":"documents"},"_links":{"self":[{"href":"https:\/\/ccpm.ca\/fr\/wp-json\/wp\/v2\/pages\/1914","targetHints":{"allow":["GET"]}}],"collection":[{"href":"https:\/\/ccpm.ca\/fr\/wp-json\/wp\/v2\/pages"}],"about":[{"href":"https:\/\/ccpm.ca\/fr\/wp-json\/wp\/v2\/types\/page"}],"author":[{"embeddable":true,"href":"https:\/\/ccpm.ca\/fr\/wp-json\/wp\/v2\/users\/1"}],"replies":[{"embeddable":true,"href":"https:\/\/ccpm.ca\/fr\/wp-json\/wp\/v2\/comments?post=1914"}],"version-history":[{"count":4,"href":"https:\/\/ccpm.ca\/fr\/wp-json\/wp\/v2\/pages\/1914\/revisions"}],"predecessor-version":[{"id":12035,"href":"https:\/\/ccpm.ca\/fr\/wp-json\/wp\/v2\/pages\/1914\/revisions\/12035"}],"wp:attachment":[{"href":"https:\/\/ccpm.ca\/fr\/wp-json\/wp\/v2\/media?parent=1914"}],"curies":[{"name":"wp","href":"https:\/\/api.w.org\/{rel}","templated":true}]}}